{"id":1984,"date":"2017-08-31T04:22:10","date_gmt":"2017-08-31T03:22:10","guid":{"rendered":"https:\/\/constructionlaroc.ca\/?page_id=1984"},"modified":"2025-11-15T11:06:21","modified_gmt":"2025-11-15T10:06:21","slug":"estimation-gratuite","status":"publish","type":"page","link":"https:\/\/constructionlaroc.ca\/fr\/estimation-gratuite\/","title":{"rendered":"Estimation Gratuite"},"content":{"rendered":"<div class=\"wpb-content-wrapper\"><p>[vc_row el_class=\u00a0\u00bbdesktop\u00a0\u00bb][vc_column]\n<div class=\"wpcf7 no-js\" id=\"wpcf7-f2048-o1\" lang=\"en-US\" dir=\"ltr\" data-wpcf7-id=\"2048\">\n<div class=\"screen-reader-response\"><p role=\"status\" aria-live=\"polite\" aria-atomic=\"true\"><\/p> <ul><\/ul><\/div>\n<form action=\"\/fr\/wp-json\/wp\/v2\/pages\/1984#wpcf7-f2048-o1\" method=\"post\" class=\"wpcf7-form init\" aria-label=\"Contact form\" enctype=\"multipart\/form-data\" novalidate=\"novalidate\" data-status=\"init\">\n<fieldset class=\"hidden-fields-container\"><input type=\"hidden\" name=\"_wpcf7\" value=\"2048\" \/><input type=\"hidden\" name=\"_wpcf7_version\" value=\"6.1.5\" \/><input type=\"hidden\" name=\"_wpcf7_locale\" value=\"en_US\" \/><input type=\"hidden\" name=\"_wpcf7_unit_tag\" value=\"wpcf7-f2048-o1\" \/><input type=\"hidden\" name=\"_wpcf7_container_post\" value=\"0\" \/><input type=\"hidden\" name=\"_wpcf7_posted_data_hash\" value=\"\" \/>\n<\/fieldset>\n<p><label> Votre nom (requis)<br \/>\n<span class=\"wpcf7-form-control-wrap\" data-name=\"your-name\"><input size=\"40\" maxlength=\"400\" class=\"wpcf7-form-control wpcf7-text wpcf7-validates-as-required\" aria-required=\"true\" aria-invalid=\"false\" value=\"\" type=\"text\" name=\"your-name\" \/><\/span> <\/label>\n<\/p>\n<p><label> Votre courriel (requis)<br \/>\n<span class=\"wpcf7-form-control-wrap\" data-name=\"your-email\"><input size=\"40\" maxlength=\"400\" class=\"wpcf7-form-control wpcf7-email wpcf7-validates-as-required wpcf7-text wpcf7-validates-as-email\" aria-required=\"true\" aria-invalid=\"false\" value=\"\" type=\"email\" name=\"your-email\" \/><\/span> <\/label>\n<\/p>\n<p><label>T\u00e9l\u00e9phone (requis)<br \/>\n<span class=\"wpcf7-form-control-wrap\" data-name=\"tel-55\"><input size=\"40\" maxlength=\"400\" class=\"wpcf7-form-control wpcf7-tel wpcf7-validates-as-required wpcf7-text wpcf7-validates-as-tel\" aria-required=\"true\" aria-invalid=\"false\" value=\"\" type=\"tel\" name=\"tel-55\" \/><\/span> <\/label>\n<\/p>\n<p><label>Meilleur moment \u00e0 contacter<br \/>\n<span class=\"wpcf7-form-control-wrap\" data-name=\"text-407\"><input size=\"40\" maxlength=\"400\" class=\"wpcf7-form-control wpcf7-text\" aria-invalid=\"false\" value=\"\" type=\"text\" name=\"text-407\" \/><\/span><\/label>\n<\/p>\n<p><label>Type de projet<\/label><br \/>\n<span class=\"wpcf7-form-control-wrap\" data-name=\"radio-707\"><span class=\"wpcf7-form-control wpcf7-radio\"><span class=\"wpcf7-list-item first\"><input type=\"radio\" name=\"radio-707\" value=\"Commercial\" checked=\"checked\" \/><span class=\"wpcf7-list-item-label\">Commercial<\/span><\/span><span class=\"wpcf7-list-item\"><input type=\"radio\" name=\"radio-707\" value=\"Maison personnalis\u00e9e\" \/><span class=\"wpcf7-list-item-label\">Maison personnalis\u00e9e<\/span><\/span><span class=\"wpcf7-list-item\"><input type=\"radio\" name=\"radio-707\" value=\"Agrandissement de maison\" \/><span class=\"wpcf7-list-item-label\">Agrandissement de maison<\/span><\/span><span class=\"wpcf7-list-item\"><input type=\"radio\" name=\"radio-707\" value=\"Renovations\" \/><span class=\"wpcf7-list-item-label\">Renovations<\/span><\/span><span class=\"wpcf7-list-item last\"><input type=\"radio\" name=\"radio-707\" value=\"Toiture\" \/><span class=\"wpcf7-list-item-label\">Toiture<\/span><\/span><\/span><\/span>\n<\/p>\n<p><label>Budget<\/label><br \/>\n<span class=\"wpcf7-form-control-wrap\" data-name=\"menu-969\"><select class=\"wpcf7-form-control wpcf7-select\" aria-invalid=\"false\" name=\"menu-969\"><option value=\"5,000$ - 10,000$\">5,000$ - 10,000$<\/option><option value=\"20,000$ - 50,000$\">20,000$ - 50,000$<\/option><option value=\"100,000$ - 150,000$\">100,000$ - 150,000$<\/option><option value=\"150,000$ - 200,000$\">150,000$ - 200,000$<\/option><option value=\"200,000$ ou plus\">200,000$ ou plus<\/option><\/select><\/span>\n<\/p>\n<p><label>D\u00e9tails du project<br \/>\n<span class=\"wpcf7-form-control-wrap\" data-name=\"your-message\"><textarea cols=\"40\" rows=\"10\" maxlength=\"2000\" class=\"wpcf7-form-control wpcf7-textarea\" aria-invalid=\"false\" name=\"your-message\"><\/textarea><\/span> <\/label>\n<\/p>\n<p><label>Ajouter pi\u00e8ce jointe (Plans, etc.)<\/label><br \/>\n<span class=\"wpcf7-form-control-wrap\" data-name=\"your-file\"><input size=\"40\" class=\"wpcf7-form-control wpcf7-file\" accept=\"audio\/*,video\/*,image\/*\" aria-invalid=\"false\" type=\"file\" name=\"your-file\" \/><\/span>\n<\/p>\n<p><input class=\"wpcf7-form-control wpcf7-submit has-spinner\" type=\"submit\" value=\"Soumettre\" \/>\n<\/p><div class=\"wpcf7-response-output\" aria-hidden=\"true\"><\/div>\n<\/form>\n<\/div>\n[\/vc_column][\/vc_row][vc_row el_class=\u00a0\u00bbmobile\u00a0\u00bb][vc_column]\n<div class=\"wpcf7 no-js\" id=\"wpcf7-f2106-o2\" lang=\"en-US\" dir=\"ltr\" data-wpcf7-id=\"2106\">\n<div class=\"screen-reader-response\"><p role=\"status\" aria-live=\"polite\" aria-atomic=\"true\"><\/p> <ul><\/ul><\/div>\n<form action=\"\/fr\/wp-json\/wp\/v2\/pages\/1984#wpcf7-f2106-o2\" method=\"post\" class=\"wpcf7-form init\" aria-label=\"Contact form\" enctype=\"multipart\/form-data\" novalidate=\"novalidate\" data-status=\"init\">\n<fieldset class=\"hidden-fields-container\"><input type=\"hidden\" name=\"_wpcf7\" value=\"2106\" \/><input type=\"hidden\" name=\"_wpcf7_version\" value=\"6.1.5\" \/><input type=\"hidden\" name=\"_wpcf7_locale\" value=\"en_US\" \/><input type=\"hidden\" name=\"_wpcf7_unit_tag\" value=\"wpcf7-f2106-o2\" \/><input type=\"hidden\" name=\"_wpcf7_container_post\" value=\"0\" \/><input type=\"hidden\" name=\"_wpcf7_posted_data_hash\" value=\"\" \/>\n<\/fieldset>\n<p><label> Votre nom (requis)<br \/>\n<span class=\"wpcf7-form-control-wrap\" data-name=\"your-name\"><input size=\"40\" maxlength=\"400\" class=\"wpcf7-form-control wpcf7-text wpcf7-validates-as-required\" aria-required=\"true\" aria-invalid=\"false\" value=\"\" type=\"text\" name=\"your-name\" \/><\/span> <\/label>\n<\/p>\n<p><label> Votre courriel (requis)<br \/>\n<span class=\"wpcf7-form-control-wrap\" data-name=\"your-email\"><input size=\"40\" maxlength=\"400\" class=\"wpcf7-form-control wpcf7-email wpcf7-validates-as-required wpcf7-text wpcf7-validates-as-email\" aria-required=\"true\" aria-invalid=\"false\" value=\"\" type=\"email\" name=\"your-email\" \/><\/span> <\/label>\n<\/p>\n<p><label>T\u00e9l\u00e9phone (requis)<br \/>\n<span class=\"wpcf7-form-control-wrap\" data-name=\"tel-55\"><input size=\"40\" maxlength=\"400\" class=\"wpcf7-form-control wpcf7-tel wpcf7-validates-as-required wpcf7-text wpcf7-validates-as-tel\" aria-required=\"true\" aria-invalid=\"false\" value=\"\" type=\"tel\" name=\"tel-55\" \/><\/span> <\/label>\n<\/p>\n<p><label>Meilleur moment \u00e0 contacter<br \/>\n<span class=\"wpcf7-form-control-wrap\" data-name=\"text-407\"><input size=\"40\" maxlength=\"400\" class=\"wpcf7-form-control wpcf7-text\" aria-invalid=\"false\" value=\"\" type=\"text\" name=\"text-407\" \/><\/span><\/label>\n<\/p>\n<p><label>Type de projet<\/label><br \/>\n<span class=\"wpcf7-form-control-wrap\" data-name=\"menu-529\"><select class=\"wpcf7-form-control wpcf7-select\" aria-invalid=\"false\" name=\"menu-529\"><option value=\"Commercial\">Commercial<\/option><option value=\"Maison personnalis\u00e9e\">Maison personnalis\u00e9e<\/option><option value=\"Agrandissement de maison\">Agrandissement de maison<\/option><option value=\"Renovations\">Renovations<\/option><option value=\"Toiture\">Toiture<\/option><\/select><\/span>\n<\/p>\n<p><label>Budget<\/label><br \/>\n<span class=\"wpcf7-form-control-wrap\" data-name=\"menu-969\"><select class=\"wpcf7-form-control wpcf7-select\" aria-invalid=\"false\" name=\"menu-969\"><option value=\"5,000$ - 10,000$\">5,000$ - 10,000$<\/option><option value=\"20,000$ - 50,000$\">20,000$ - 50,000$<\/option><option value=\"100,000$ - 150,000$\">100,000$ - 150,000$<\/option><option value=\"150,000$ - 200,000$\">150,000$ - 200,000$<\/option><option value=\"200,000$ ou plus\">200,000$ ou plus<\/option><\/select><\/span>\n<\/p>\n<p><label>D\u00e9tails du project<br \/>\n<span class=\"wpcf7-form-control-wrap\" data-name=\"your-message\"><textarea cols=\"40\" rows=\"10\" maxlength=\"2000\" class=\"wpcf7-form-control wpcf7-textarea\" aria-invalid=\"false\" name=\"your-message\"><\/textarea><\/span> <\/label>\n<\/p>\n<p><label>Ajouter pi\u00e8ce jointe (Plans, etc.)<\/label><br \/>\n<span class=\"wpcf7-form-control-wrap\" data-name=\"your-file\"><input size=\"40\" class=\"wpcf7-form-control wpcf7-file\" accept=\"audio\/*,video\/*,image\/*\" aria-invalid=\"false\" type=\"file\" name=\"your-file\" \/><\/span>\n<\/p>\n<p><input class=\"wpcf7-form-control wpcf7-submit has-spinner\" type=\"submit\" value=\"Soumettre\" \/>\n<\/p><div class=\"wpcf7-response-output\" aria-hidden=\"true\"><\/div>\n<\/form>\n<\/div>\n[\/vc_column][\/vc_row]<\/p>\n<\/div>","protected":false},"excerpt":{"rendered":"<p>[vc_row el_class=\u00a0\u00bbdesktop\u00a0\u00bb][vc_column][\/vc_column][\/vc_row][vc_row el_class=\u00a0\u00bbmobile\u00a0\u00bb][vc_column][\/vc_column][\/vc_row]<\/p>\n","protected":false},"author":1,"featured_media":0,"parent":0,"menu_order":0,"comment_status":"closed","ping_status":"closed","template":"","meta":{"footnotes":""},"class_list":["post-1984","page","type-page","status-publish","hentry"],"yoast_head":"<!-- This site is optimized with the Yoast SEO plugin v27.3 - https:\/\/yoast.com\/product\/yoast-seo-wordpress\/ -->\n<title>Devis gratuit | Constructeur de maisons sur mesure Montr\u00e9al<\/title>\n<meta name=\"description\" content=\"Demandez une soumission gratuite \u00e0 Construction LaRoc, un constructeur de maisons sur mesure de confiance \u00e0 Montr\u00e9al, offrant un savoir-faire de qualit\u00e9 et un service personnalis\u00e9.\" \/>\n<meta name=\"robots\" content=\"index, follow, max-snippet:-1, max-image-preview:large, max-video-preview:-1\" \/>\n<link rel=\"canonical\" href=\"https:\/\/constructionlaroc.ca\/fr\/estimation-gratuite\/\" \/>\n<meta property=\"og:locale\" content=\"fr_FR\" \/>\n<meta property=\"og:type\" content=\"article\" \/>\n<meta property=\"og:title\" content=\"Devis gratuit | Constructeur de maisons sur mesure Montr\u00e9al\" \/>\n<meta property=\"og:description\" content=\"Demandez une soumission gratuite \u00e0 Construction LaRoc, un constructeur de maisons sur mesure de confiance \u00e0 Montr\u00e9al, offrant un savoir-faire de qualit\u00e9 et un service personnalis\u00e9.\" \/>\n<meta property=\"og:url\" content=\"https:\/\/constructionlaroc.ca\/fr\/estimation-gratuite\/\" \/>\n<meta property=\"og:site_name\" content=\"Construct Laroc\" \/>\n<meta property=\"article:modified_time\" content=\"2025-11-15T10:06:21+00:00\" \/>\n<meta name=\"twitter:card\" content=\"summary_large_image\" \/>\n<meta name=\"twitter:label1\" content=\"Dur\u00e9e de lecture estim\u00e9e\" \/>\n\t<meta name=\"twitter:data1\" content=\"1 minute\" \/>\n<script type=\"application\/ld+json\" class=\"yoast-schema-graph\">{\"@context\":\"https:\\\/\\\/schema.org\",\"@graph\":[{\"@type\":\"WebPage\",\"@id\":\"https:\\\/\\\/constructionlaroc.ca\\\/fr\\\/estimation-gratuite\\\/\",\"url\":\"https:\\\/\\\/constructionlaroc.ca\\\/fr\\\/estimation-gratuite\\\/\",\"name\":\"Devis gratuit | Constructeur de maisons sur mesure Montr\u00e9al\",\"isPartOf\":{\"@id\":\"https:\\\/\\\/constructionlaroc.ca\\\/#website\"},\"datePublished\":\"2017-08-31T03:22:10+00:00\",\"dateModified\":\"2025-11-15T10:06:21+00:00\",\"description\":\"Demandez une soumission gratuite \u00e0 Construction LaRoc, un constructeur de maisons sur mesure de confiance \u00e0 Montr\u00e9al, offrant un savoir-faire de qualit\u00e9 et un service personnalis\u00e9.\",\"breadcrumb\":{\"@id\":\"https:\\\/\\\/constructionlaroc.ca\\\/fr\\\/estimation-gratuite\\\/#breadcrumb\"},\"inLanguage\":\"fr-FR\",\"potentialAction\":[{\"@type\":\"ReadAction\",\"target\":[\"https:\\\/\\\/constructionlaroc.ca\\\/fr\\\/estimation-gratuite\\\/\"]}]},{\"@type\":\"BreadcrumbList\",\"@id\":\"https:\\\/\\\/constructionlaroc.ca\\\/fr\\\/estimation-gratuite\\\/#breadcrumb\",\"itemListElement\":[{\"@type\":\"ListItem\",\"position\":1,\"name\":\"Home\",\"item\":\"https:\\\/\\\/constructionlaroc.ca\\\/fr\\\/\"},{\"@type\":\"ListItem\",\"position\":2,\"name\":\"Estimation Gratuite\"}]},{\"@type\":\"WebSite\",\"@id\":\"https:\\\/\\\/constructionlaroc.ca\\\/#website\",\"url\":\"https:\\\/\\\/constructionlaroc.ca\\\/\",\"name\":\"Construct Laroc\",\"description\":\"Construction\",\"potentialAction\":[{\"@type\":\"SearchAction\",\"target\":{\"@type\":\"EntryPoint\",\"urlTemplate\":\"https:\\\/\\\/constructionlaroc.ca\\\/?s={search_term_string}\"},\"query-input\":{\"@type\":\"PropertyValueSpecification\",\"valueRequired\":true,\"valueName\":\"search_term_string\"}}],\"inLanguage\":\"fr-FR\"}]}<\/script>\n<!-- \/ Yoast SEO plugin. -->","yoast_head_json":{"title":"Devis gratuit | Constructeur de maisons sur mesure Montr\u00e9al","description":"Demandez une soumission gratuite \u00e0 Construction LaRoc, un constructeur de maisons sur mesure de confiance \u00e0 Montr\u00e9al, offrant un savoir-faire de qualit\u00e9 et un service personnalis\u00e9.","robots":{"index":"index","follow":"follow","max-snippet":"max-snippet:-1","max-image-preview":"max-image-preview:large","max-video-preview":"max-video-preview:-1"},"canonical":"https:\/\/constructionlaroc.ca\/fr\/estimation-gratuite\/","og_locale":"fr_FR","og_type":"article","og_title":"Devis gratuit | Constructeur de maisons sur mesure Montr\u00e9al","og_description":"Demandez une soumission gratuite \u00e0 Construction LaRoc, un constructeur de maisons sur mesure de confiance \u00e0 Montr\u00e9al, offrant un savoir-faire de qualit\u00e9 et un service personnalis\u00e9.","og_url":"https:\/\/constructionlaroc.ca\/fr\/estimation-gratuite\/","og_site_name":"Construct Laroc","article_modified_time":"2025-11-15T10:06:21+00:00","twitter_card":"summary_large_image","twitter_misc":{"Dur\u00e9e de lecture estim\u00e9e":"1 minute"},"schema":{"@context":"https:\/\/schema.org","@graph":[{"@type":"WebPage","@id":"https:\/\/constructionlaroc.ca\/fr\/estimation-gratuite\/","url":"https:\/\/constructionlaroc.ca\/fr\/estimation-gratuite\/","name":"Devis gratuit | Constructeur de maisons sur mesure Montr\u00e9al","isPartOf":{"@id":"https:\/\/constructionlaroc.ca\/#website"},"datePublished":"2017-08-31T03:22:10+00:00","dateModified":"2025-11-15T10:06:21+00:00","description":"Demandez une soumission gratuite \u00e0 Construction LaRoc, un constructeur de maisons sur mesure de confiance \u00e0 Montr\u00e9al, offrant un savoir-faire de qualit\u00e9 et un service personnalis\u00e9.","breadcrumb":{"@id":"https:\/\/constructionlaroc.ca\/fr\/estimation-gratuite\/#breadcrumb"},"inLanguage":"fr-FR","potentialAction":[{"@type":"ReadAction","target":["https:\/\/constructionlaroc.ca\/fr\/estimation-gratuite\/"]}]},{"@type":"BreadcrumbList","@id":"https:\/\/constructionlaroc.ca\/fr\/estimation-gratuite\/#breadcrumb","itemListElement":[{"@type":"ListItem","position":1,"name":"Home","item":"https:\/\/constructionlaroc.ca\/fr\/"},{"@type":"ListItem","position":2,"name":"Estimation Gratuite"}]},{"@type":"WebSite","@id":"https:\/\/constructionlaroc.ca\/#website","url":"https:\/\/constructionlaroc.ca\/","name":"Construct Laroc","description":"Construction","potentialAction":[{"@type":"SearchAction","target":{"@type":"EntryPoint","urlTemplate":"https:\/\/constructionlaroc.ca\/?s={search_term_string}"},"query-input":{"@type":"PropertyValueSpecification","valueRequired":true,"valueName":"search_term_string"}}],"inLanguage":"fr-FR"}]}},"_links":{"self":[{"href":"https:\/\/constructionlaroc.ca\/fr\/wp-json\/wp\/v2\/pages\/1984","targetHints":{"allow":["GET"]}}],"collection":[{"href":"https:\/\/constructionlaroc.ca\/fr\/wp-json\/wp\/v2\/pages"}],"about":[{"href":"https:\/\/constructionlaroc.ca\/fr\/wp-json\/wp\/v2\/types\/page"}],"author":[{"embeddable":true,"href":"https:\/\/constructionlaroc.ca\/fr\/wp-json\/wp\/v2\/users\/1"}],"replies":[{"embeddable":true,"href":"https:\/\/constructionlaroc.ca\/fr\/wp-json\/wp\/v2\/comments?post=1984"}],"version-history":[{"count":8,"href":"https:\/\/constructionlaroc.ca\/fr\/wp-json\/wp\/v2\/pages\/1984\/revisions"}],"predecessor-version":[{"id":2107,"href":"https:\/\/constructionlaroc.ca\/fr\/wp-json\/wp\/v2\/pages\/1984\/revisions\/2107"}],"wp:attachment":[{"href":"https:\/\/constructionlaroc.ca\/fr\/wp-json\/wp\/v2\/media?parent=1984"}],"curies":[{"name":"wp","href":"https:\/\/api.w.org\/{rel}","templated":true}]}}