{"id":1986,"date":"2017-08-31T04:22:38","date_gmt":"2017-08-31T03:22:38","guid":{"rendered":"https:\/\/constructionlaroc.ca\/?page_id=1986"},"modified":"2025-10-29T20:04:43","modified_gmt":"2025-10-29T19:04:43","slug":"nous-joindre","status":"publish","type":"page","link":"https:\/\/constructionlaroc.ca\/fr\/nous-joindre\/","title":{"rendered":"Nous Joindre"},"content":{"rendered":"<div class=\"wpb-content-wrapper\"><p>[vc_row full_width=\u00a0\u00bbstretch_row_content_no_spaces\u00a0\u00bb disable_element=\u00a0\u00bbyes\u00a0\u00bb css=\u00a0\u00bb.vc_custom_1616181195362{margin-bottom: 40px !important;}\u00a0\u00bb][vc_column]<div data-styles='[{\"featureType\":\"landscape\",\"stylers\":[{\"saturation\":-100},{\"lightness\":65},{\"visibility\":\"on\"}]},{\"featureType\":\"poi\",\"stylers\":[{\"saturation\":-100},{\"lightness\":51},{\"visibility\":\"simplified\"}]},{\"featureType\":\"road.highway\",\"stylers\":[{\"saturation\":-100},{\"visibility\":\"simplified\"}]},{\"featureType\":\"road.arterial\",\"stylers\":[{\"saturation\":-100},{\"lightness\":30},{\"visibility\":\"on\"}]},{\"featureType\":\"road.local\",\"stylers\":[{\"saturation\":-100},{\"lightness\":40},{\"visibility\":\"on\"}]},{\"featureType\":\"transit\",\"stylers\":[{\"saturation\":-100},{\"visibility\":\"simplified\"}]},{\"featureType\":\"administrative.province\",\"stylers\":[{\"visibility\":\"off\"}]},{\"featureType\":\"water\",\"elementType\":\"labels\",\"stylers\":[{\"visibility\":\"on\"},{\"lightness\":-25},{\"saturation\":-100}]},{\"featureType\":\"water\",\"elementType\":\"geometry\",\"stylers\":[{\"hue\":\"#ffff00\"},{\"lightness\":-25},{\"saturation\":-97}]}]' class='map' id='map1' style='height: 450px;' data-type='ROADMAP' data-zoom='14' data-scroll='false' data-markers='{ \"address\": \"436 Sainte-H\u00e9l\u00e8ne, H2Y 2K7, Montr\u00e9al\",  \"center\": \"true\", \"data\": \"\", \"options\": { \"icon\": \"https:\/\/constructionlaroc.ca\/wp-content\/themes\/construction\/images\/marker.png\" } }|'><\/div>[\/vc_column][\/vc_row][vc_row][vc_column][vc_custom_heading text=\u00a0\u00bbVEUILLEZ NOUS JOINDRE\u00a0\u00bb use_theme_fonts=\u00a0\u00bbyes\u00a0\u00bb el_class=\u00a0\u00bbtitle\u00a0\u00bb][vc_empty_space height=\u00a0\u00bb15&Prime;][vc_column_text]<\/p>\n<h4>Nous aimerions recevoir de vos nouvelles! Appelez ou soumettez une question en utilisant notre formulaire en ligne. Dans l&rsquo;impatience de vous servir.<\/h4>\n<p>[\/vc_column_text][\/vc_column][\/vc_row][vc_row css=\u00a0\u00bb.vc_custom_1453297211960{margin-bottom: 40px !important;}\u00a0\u00bb][vc_column width=\u00a0\u00bb5\/12&Prime;]<table class='info-table'><\/tbody><tr class='info-table-row'><th class='info-table-icon'><i class='fa fa fa-long-arrow-right'><\/i><\/th><td class='info-table-content'>Contruction Laroc<\/td><\/tr><tr class='info-table-row'><th class='info-table-icon'><i class='fa fa fa-map-marker'><\/i><\/th><td class='info-table-content'>1171 RUE CARDINAL | MONTREAL, QUEBEC | H4L 3E7<\/td><\/tr><tr class='info-table-row'><th class='info-table-icon'><i class='fa fa fa-fax'><\/i><\/th><td class='info-table-content'>(514) 961-0192<\/td><\/tr><tr class='info-table-row'><th class='info-table-icon'><i class='fa fa fa-envelope'><\/i><\/th><td class='info-table-content'>laroc.construction@gmail.com<\/td><\/tr><\/table><\/tbody>[\/vc_column][vc_column width=\u00a0\u00bb7\/12&Prime;]\n<div class=\"wpcf7 no-js\" id=\"wpcf7-f4-o1\" lang=\"fr-CA\" dir=\"ltr\" data-wpcf7-id=\"4\">\n<div class=\"screen-reader-response\"><p role=\"status\" aria-live=\"polite\" aria-atomic=\"true\"><\/p> <ul><\/ul><\/div>\n<form action=\"\/fr\/wp-json\/wp\/v2\/pages\/1986#wpcf7-f4-o1\" method=\"post\" class=\"wpcf7-form init\" aria-label=\"Contact form\" novalidate=\"novalidate\" data-status=\"init\">\n<fieldset class=\"hidden-fields-container\"><input type=\"hidden\" name=\"_wpcf7\" value=\"4\" \/><input type=\"hidden\" name=\"_wpcf7_version\" value=\"6.1.5\" \/><input type=\"hidden\" name=\"_wpcf7_locale\" value=\"fr_CA\" \/><input type=\"hidden\" name=\"_wpcf7_unit_tag\" value=\"wpcf7-f4-o1\" \/><input type=\"hidden\" name=\"_wpcf7_container_post\" value=\"0\" \/><input type=\"hidden\" name=\"_wpcf7_posted_data_hash\" value=\"\" \/>\n<\/fieldset>\n<p><label> Votre nom (requis)<br \/>\n<span class=\"wpcf7-form-control-wrap\" data-name=\"your-name\"><input size=\"40\" maxlength=\"400\" class=\"wpcf7-form-control wpcf7-text wpcf7-validates-as-required\" aria-required=\"true\" aria-invalid=\"false\" value=\"\" type=\"text\" name=\"your-name\" \/><\/span> <\/label>\n<\/p>\n<p><label> Votre courriel (requis)<br \/>\n<span class=\"wpcf7-form-control-wrap\" data-name=\"your-email\"><input size=\"40\" maxlength=\"400\" class=\"wpcf7-form-control wpcf7-email wpcf7-validates-as-required wpcf7-text wpcf7-validates-as-email\" aria-required=\"true\" aria-invalid=\"false\" value=\"\" type=\"email\" name=\"your-email\" \/><\/span> <\/label>\n<\/p>\n<p><label> Subjet<br \/>\n<span class=\"wpcf7-form-control-wrap\" data-name=\"your-subject\"><input size=\"40\" maxlength=\"400\" class=\"wpcf7-form-control wpcf7-text\" aria-invalid=\"false\" value=\"\" type=\"text\" name=\"your-subject\" \/><\/span> <\/label>\n<\/p>\n<p><label> Votre Message<br \/>\n<span class=\"wpcf7-form-control-wrap\" data-name=\"your-message\"><textarea cols=\"40\" rows=\"10\" maxlength=\"2000\" class=\"wpcf7-form-control wpcf7-textarea\" aria-invalid=\"false\" name=\"your-message\"><\/textarea><\/span> <\/label>\n<\/p>\n<p><input class=\"wpcf7-form-control wpcf7-submit has-spinner\" type=\"submit\" value=\"Soumettre\" \/>\n<\/p><div class=\"wpcf7-response-output\" aria-hidden=\"true\"><\/div>\n<\/form>\n<\/div>\n[\/vc_column][\/vc_row]<\/p>\n<\/div>","protected":false},"excerpt":{"rendered":"<p>[vc_row full_width=\u00a0\u00bbstretch_row_content_no_spaces\u00a0\u00bb disable_element=\u00a0\u00bbyes\u00a0\u00bb css=\u00a0\u00bb.vc_custom_1616181195362{margin-bottom: 40px !important;}\u00a0\u00bb][vc_column][\/vc_column][\/vc_row][vc_row][vc_column][vc_custom_heading text=\u00a0\u00bbVEUILLEZ NOUS JOINDRE\u00a0\u00bb use_theme_fonts=\u00a0\u00bbyes\u00a0\u00bb el_class=\u00a0\u00bbtitle\u00a0\u00bb][vc_empty_space height=\u00a0\u00bb15&Prime;][vc_column_text] Nous aimerions recevoir de vos nouvelles! Appelez ou soumettez une question en utilisant notre formulaire en ligne. Dans l&rsquo;impatience de vous servir. [\/vc_column_text][\/vc_column][\/vc_row][vc_row css=\u00a0\u00bb.vc_custom_1453297211960{margin-bottom: 40px !important;}\u00a0\u00bb][vc_column width=\u00a0\u00bb5\/12&Prime;][\/vc_column][vc_column width=\u00a0\u00bb7\/12&Prime;][\/vc_column][\/vc_row]<\/p>\n","protected":false},"author":1,"featured_media":0,"parent":0,"menu_order":0,"comment_status":"closed","ping_status":"closed","template":"","meta":{"footnotes":""},"class_list":["post-1986","page","type-page","status-publish","hentry"],"yoast_head":"<!-- This site is optimized with the Yoast SEO plugin v27.3 - https:\/\/yoast.com\/product\/yoast-seo-wordpress\/ -->\n<title>Contactez-nous | Entreprise de construction Montr\u00e9al | Construction LaRoc<\/title>\n<meta name=\"description\" content=\"Pour toute question concernant Construction LaRoc, n&#039;h\u00e9sitez pas \u00e0 nous contacter \u00e0 laroc.construction@gmail.com ou au (514) 961-0192. Contactez-nous d\u00e8s maintenant!\" \/>\n<meta name=\"robots\" content=\"index, follow, max-snippet:-1, max-image-preview:large, max-video-preview:-1\" \/>\n<link rel=\"canonical\" href=\"https:\/\/constructionlaroc.ca\/fr\/nous-joindre\/\" \/>\n<meta property=\"og:locale\" content=\"fr_FR\" \/>\n<meta property=\"og:type\" content=\"article\" \/>\n<meta property=\"og:title\" content=\"Contactez-nous | Entreprise de construction Montr\u00e9al | Construction LaRoc\" \/>\n<meta property=\"og:description\" content=\"Pour toute question concernant Construction LaRoc, n&#039;h\u00e9sitez pas \u00e0 nous contacter \u00e0 laroc.construction@gmail.com ou au (514) 961-0192. Contactez-nous d\u00e8s maintenant!\" \/>\n<meta property=\"og:url\" content=\"https:\/\/constructionlaroc.ca\/fr\/nous-joindre\/\" \/>\n<meta property=\"og:site_name\" content=\"Construct Laroc\" \/>\n<meta property=\"article:modified_time\" content=\"2025-10-29T19:04:43+00:00\" \/>\n<meta name=\"twitter:card\" content=\"summary_large_image\" \/>\n<meta name=\"twitter:label1\" content=\"Dur\u00e9e de lecture estim\u00e9e\" \/>\n\t<meta name=\"twitter:data1\" content=\"1 minute\" \/>\n<script type=\"application\/ld+json\" class=\"yoast-schema-graph\">{\"@context\":\"https:\\\/\\\/schema.org\",\"@graph\":[{\"@type\":\"WebPage\",\"@id\":\"https:\\\/\\\/constructionlaroc.ca\\\/fr\\\/nous-joindre\\\/\",\"url\":\"https:\\\/\\\/constructionlaroc.ca\\\/fr\\\/nous-joindre\\\/\",\"name\":\"Contactez-nous | Entreprise de construction Montr\u00e9al | Construction LaRoc\",\"isPartOf\":{\"@id\":\"https:\\\/\\\/constructionlaroc.ca\\\/#website\"},\"datePublished\":\"2017-08-31T03:22:38+00:00\",\"dateModified\":\"2025-10-29T19:04:43+00:00\",\"description\":\"Pour toute question concernant Construction LaRoc, n'h\u00e9sitez pas \u00e0 nous contacter \u00e0 laroc.construction@gmail.com ou au (514) 961-0192. Contactez-nous d\u00e8s maintenant!\",\"breadcrumb\":{\"@id\":\"https:\\\/\\\/constructionlaroc.ca\\\/fr\\\/nous-joindre\\\/#breadcrumb\"},\"inLanguage\":\"fr-FR\",\"potentialAction\":[{\"@type\":\"ReadAction\",\"target\":[\"https:\\\/\\\/constructionlaroc.ca\\\/fr\\\/nous-joindre\\\/\"]}]},{\"@type\":\"BreadcrumbList\",\"@id\":\"https:\\\/\\\/constructionlaroc.ca\\\/fr\\\/nous-joindre\\\/#breadcrumb\",\"itemListElement\":[{\"@type\":\"ListItem\",\"position\":1,\"name\":\"Home\",\"item\":\"https:\\\/\\\/constructionlaroc.ca\\\/fr\\\/\"},{\"@type\":\"ListItem\",\"position\":2,\"name\":\"Nous Joindre\"}]},{\"@type\":\"WebSite\",\"@id\":\"https:\\\/\\\/constructionlaroc.ca\\\/#website\",\"url\":\"https:\\\/\\\/constructionlaroc.ca\\\/\",\"name\":\"Construct Laroc\",\"description\":\"Construction\",\"potentialAction\":[{\"@type\":\"SearchAction\",\"target\":{\"@type\":\"EntryPoint\",\"urlTemplate\":\"https:\\\/\\\/constructionlaroc.ca\\\/?s={search_term_string}\"},\"query-input\":{\"@type\":\"PropertyValueSpecification\",\"valueRequired\":true,\"valueName\":\"search_term_string\"}}],\"inLanguage\":\"fr-FR\"}]}<\/script>\n<!-- \/ Yoast SEO plugin. -->","yoast_head_json":{"title":"Contactez-nous | Entreprise de construction Montr\u00e9al | Construction LaRoc","description":"Pour toute question concernant Construction LaRoc, n'h\u00e9sitez pas \u00e0 nous contacter \u00e0 laroc.construction@gmail.com ou au (514) 961-0192. Contactez-nous d\u00e8s maintenant!","robots":{"index":"index","follow":"follow","max-snippet":"max-snippet:-1","max-image-preview":"max-image-preview:large","max-video-preview":"max-video-preview:-1"},"canonical":"https:\/\/constructionlaroc.ca\/fr\/nous-joindre\/","og_locale":"fr_FR","og_type":"article","og_title":"Contactez-nous | Entreprise de construction Montr\u00e9al | Construction LaRoc","og_description":"Pour toute question concernant Construction LaRoc, n'h\u00e9sitez pas \u00e0 nous contacter \u00e0 laroc.construction@gmail.com ou au (514) 961-0192. Contactez-nous d\u00e8s maintenant!","og_url":"https:\/\/constructionlaroc.ca\/fr\/nous-joindre\/","og_site_name":"Construct Laroc","article_modified_time":"2025-10-29T19:04:43+00:00","twitter_card":"summary_large_image","twitter_misc":{"Dur\u00e9e de lecture estim\u00e9e":"1 minute"},"schema":{"@context":"https:\/\/schema.org","@graph":[{"@type":"WebPage","@id":"https:\/\/constructionlaroc.ca\/fr\/nous-joindre\/","url":"https:\/\/constructionlaroc.ca\/fr\/nous-joindre\/","name":"Contactez-nous | Entreprise de construction Montr\u00e9al | Construction LaRoc","isPartOf":{"@id":"https:\/\/constructionlaroc.ca\/#website"},"datePublished":"2017-08-31T03:22:38+00:00","dateModified":"2025-10-29T19:04:43+00:00","description":"Pour toute question concernant Construction LaRoc, n'h\u00e9sitez pas \u00e0 nous contacter \u00e0 laroc.construction@gmail.com ou au (514) 961-0192. Contactez-nous d\u00e8s maintenant!","breadcrumb":{"@id":"https:\/\/constructionlaroc.ca\/fr\/nous-joindre\/#breadcrumb"},"inLanguage":"fr-FR","potentialAction":[{"@type":"ReadAction","target":["https:\/\/constructionlaroc.ca\/fr\/nous-joindre\/"]}]},{"@type":"BreadcrumbList","@id":"https:\/\/constructionlaroc.ca\/fr\/nous-joindre\/#breadcrumb","itemListElement":[{"@type":"ListItem","position":1,"name":"Home","item":"https:\/\/constructionlaroc.ca\/fr\/"},{"@type":"ListItem","position":2,"name":"Nous Joindre"}]},{"@type":"WebSite","@id":"https:\/\/constructionlaroc.ca\/#website","url":"https:\/\/constructionlaroc.ca\/","name":"Construct Laroc","description":"Construction","potentialAction":[{"@type":"SearchAction","target":{"@type":"EntryPoint","urlTemplate":"https:\/\/constructionlaroc.ca\/?s={search_term_string}"},"query-input":{"@type":"PropertyValueSpecification","valueRequired":true,"valueName":"search_term_string"}}],"inLanguage":"fr-FR"}]}},"_links":{"self":[{"href":"https:\/\/constructionlaroc.ca\/fr\/wp-json\/wp\/v2\/pages\/1986","targetHints":{"allow":["GET"]}}],"collection":[{"href":"https:\/\/constructionlaroc.ca\/fr\/wp-json\/wp\/v2\/pages"}],"about":[{"href":"https:\/\/constructionlaroc.ca\/fr\/wp-json\/wp\/v2\/types\/page"}],"author":[{"embeddable":true,"href":"https:\/\/constructionlaroc.ca\/fr\/wp-json\/wp\/v2\/users\/1"}],"replies":[{"embeddable":true,"href":"https:\/\/constructionlaroc.ca\/fr\/wp-json\/wp\/v2\/comments?post=1986"}],"version-history":[{"count":4,"href":"https:\/\/constructionlaroc.ca\/fr\/wp-json\/wp\/v2\/pages\/1986\/revisions"}],"predecessor-version":[{"id":2198,"href":"https:\/\/constructionlaroc.ca\/fr\/wp-json\/wp\/v2\/pages\/1986\/revisions\/2198"}],"wp:attachment":[{"href":"https:\/\/constructionlaroc.ca\/fr\/wp-json\/wp\/v2\/media?parent=1986"}],"curies":[{"name":"wp","href":"https:\/\/api.w.org\/{rel}","templated":true}]}}