{"id":1990,"date":"2017-08-31T04:25:51","date_gmt":"2017-08-31T03:25:51","guid":{"rendered":"https:\/\/constructionlaroc.ca\/?page_id=1990"},"modified":"2025-11-15T11:05:42","modified_gmt":"2025-11-15T10:05:42","slug":"agrandissement-de-maison","status":"publish","type":"page","link":"https:\/\/constructionlaroc.ca\/fr\/agrandissement-de-maison\/","title":{"rendered":"Agrandissement de maison"},"content":{"rendered":"<div class=\"wpb-content-wrapper\"><p>[vc_row][vc_column width=\u00a0\u00bb1\/2&Prime;][vc_single_image image=\u00a0\u00bb1898&Prime; img_size=\u00a0\u00bbfull\u00a0\u00bb css_animation=\u00a0\u00bbfadeInLeft\u00a0\u00bb][\/vc_column][vc_column width=\u00a0\u00bb1\/2&Prime;][vc_column_text css_animation=\u00a0\u00bbfadeInRight\u00a0\u00bb]<\/p>\n<h4>Les ajouts \u00e0 la maison sont un excellent moyen de faire en sorte que votre maison existante fonctionne pour vous encore une fois. Au fur et \u00e0 mesure que les familles grandissent, la n\u00e9cessit\u00e9 de l&rsquo;espace et de la fonctionnalit\u00e9 \u00e9largie est \u00e9galement n\u00e9cessaire.<\/h4>\n<h4>Que vous cherchiez \u00e0 cr\u00e9er un ajout arri\u00e8re, c\u00f4t\u00e9, sup\u00e9rieur ou multi-niveaux, nous pouvons vous aider.<\/h4>\n<h4>\u00c0 Construction Laroc, nous nous effor\u00e7ons de rendre le processus de conception et de construction sans effort et amusant. Contactez-nous aujourd&rsquo;hui pour un devis gratuit sans engagement.<\/h4>\n<p>[\/vc_column_text][vc_btn title=\u00a0\u00bbESTIMATION GRATUITE\u00a0\u00bb color=\u00a0\u00bbwarning\u00a0\u00bb size=\u00a0\u00bblg\u00a0\u00bb css_animation=\u00a0\u00bbfadeInRight\u00a0\u00bb link=\u00a0\u00bburl:https%3A%2F%2Fconstructionlaroc.ca%2Ffr%2Festimation-gratuite%2F|||\u00a0\u00bb][\/vc_column][\/vc_row]<\/p>\n<\/div>","protected":false},"excerpt":{"rendered":"<p>[vc_row][vc_column width=\u00a0\u00bb1\/2&Prime;][vc_single_image image=\u00a0\u00bb1898&Prime; img_size=\u00a0\u00bbfull\u00a0\u00bb css_animation=\u00a0\u00bbfadeInLeft\u00a0\u00bb][\/vc_column][vc_column width=\u00a0\u00bb1\/2&Prime;][vc_column_text css_animation=\u00a0\u00bbfadeInRight\u00a0\u00bb] Les ajouts \u00e0 la maison sont un excellent moyen de faire en sorte que votre maison existante fonctionne pour vous encore une fois. Au fur et \u00e0 mesure que les familles grandissent, la &hellip;<\/p>\n","protected":false},"author":1,"featured_media":0,"parent":0,"menu_order":0,"comment_status":"closed","ping_status":"closed","template":"","meta":{"footnotes":""},"class_list":["post-1990","page","type-page","status-publish","hentry"],"yoast_head":"<!-- This site is optimized with the Yoast SEO plugin v27.3 - https:\/\/yoast.com\/product\/yoast-seo-wordpress\/ -->\n<title>Agrandissements de maison | R\u00e9novation r\u00e9sidentielle Montr\u00e9al<\/title>\n<meta name=\"description\" content=\"Explorez les services d&#039;agrandissement et de r\u00e9novation de maisons \u00e0 Montr\u00e9al avec Construction LaRoc, un savoir-faire expert et des solutions sur mesure.\" \/>\n<meta name=\"robots\" content=\"index, follow, max-snippet:-1, max-image-preview:large, max-video-preview:-1\" \/>\n<link rel=\"canonical\" href=\"https:\/\/constructionlaroc.ca\/fr\/agrandissement-de-maison\/\" \/>\n<meta property=\"og:locale\" content=\"fr_FR\" \/>\n<meta property=\"og:type\" content=\"article\" \/>\n<meta property=\"og:title\" content=\"Agrandissements de maison | R\u00e9novation r\u00e9sidentielle Montr\u00e9al\" \/>\n<meta property=\"og:description\" content=\"Explorez les services d&#039;agrandissement et de r\u00e9novation de maisons \u00e0 Montr\u00e9al avec Construction LaRoc, un savoir-faire expert et des solutions sur mesure.\" \/>\n<meta property=\"og:url\" content=\"https:\/\/constructionlaroc.ca\/fr\/agrandissement-de-maison\/\" \/>\n<meta property=\"og:site_name\" content=\"Construct Laroc\" \/>\n<meta property=\"article:modified_time\" content=\"2025-11-15T10:05:42+00:00\" \/>\n<meta name=\"twitter:card\" content=\"summary_large_image\" \/>\n<meta name=\"twitter:label1\" content=\"Dur\u00e9e de lecture estim\u00e9e\" \/>\n\t<meta name=\"twitter:data1\" content=\"1 minute\" \/>\n<script type=\"application\/ld+json\" class=\"yoast-schema-graph\">{\"@context\":\"https:\\\/\\\/schema.org\",\"@graph\":[{\"@type\":\"WebPage\",\"@id\":\"https:\\\/\\\/constructionlaroc.ca\\\/fr\\\/agrandissement-de-maison\\\/\",\"url\":\"https:\\\/\\\/constructionlaroc.ca\\\/fr\\\/agrandissement-de-maison\\\/\",\"name\":\"Agrandissements de maison | R\u00e9novation r\u00e9sidentielle Montr\u00e9al\",\"isPartOf\":{\"@id\":\"https:\\\/\\\/constructionlaroc.ca\\\/#website\"},\"datePublished\":\"2017-08-31T03:25:51+00:00\",\"dateModified\":\"2025-11-15T10:05:42+00:00\",\"description\":\"Explorez les services d'agrandissement et de r\u00e9novation de maisons \u00e0 Montr\u00e9al avec Construction LaRoc, un savoir-faire expert et des solutions sur mesure.\",\"breadcrumb\":{\"@id\":\"https:\\\/\\\/constructionlaroc.ca\\\/fr\\\/agrandissement-de-maison\\\/#breadcrumb\"},\"inLanguage\":\"fr-FR\",\"potentialAction\":[{\"@type\":\"ReadAction\",\"target\":[\"https:\\\/\\\/constructionlaroc.ca\\\/fr\\\/agrandissement-de-maison\\\/\"]}]},{\"@type\":\"BreadcrumbList\",\"@id\":\"https:\\\/\\\/constructionlaroc.ca\\\/fr\\\/agrandissement-de-maison\\\/#breadcrumb\",\"itemListElement\":[{\"@type\":\"ListItem\",\"position\":1,\"name\":\"Home\",\"item\":\"https:\\\/\\\/constructionlaroc.ca\\\/fr\\\/\"},{\"@type\":\"ListItem\",\"position\":2,\"name\":\"Agrandissement de maison\"}]},{\"@type\":\"WebSite\",\"@id\":\"https:\\\/\\\/constructionlaroc.ca\\\/#website\",\"url\":\"https:\\\/\\\/constructionlaroc.ca\\\/\",\"name\":\"Construct Laroc\",\"description\":\"Construction\",\"potentialAction\":[{\"@type\":\"SearchAction\",\"target\":{\"@type\":\"EntryPoint\",\"urlTemplate\":\"https:\\\/\\\/constructionlaroc.ca\\\/?s={search_term_string}\"},\"query-input\":{\"@type\":\"PropertyValueSpecification\",\"valueRequired\":true,\"valueName\":\"search_term_string\"}}],\"inLanguage\":\"fr-FR\"}]}<\/script>\n<!-- \/ Yoast SEO plugin. -->","yoast_head_json":{"title":"Agrandissements de maison | R\u00e9novation r\u00e9sidentielle Montr\u00e9al","description":"Explorez les services d'agrandissement et de r\u00e9novation de maisons \u00e0 Montr\u00e9al avec Construction LaRoc, un savoir-faire expert et des solutions sur mesure.","robots":{"index":"index","follow":"follow","max-snippet":"max-snippet:-1","max-image-preview":"max-image-preview:large","max-video-preview":"max-video-preview:-1"},"canonical":"https:\/\/constructionlaroc.ca\/fr\/agrandissement-de-maison\/","og_locale":"fr_FR","og_type":"article","og_title":"Agrandissements de maison | R\u00e9novation r\u00e9sidentielle Montr\u00e9al","og_description":"Explorez les services d'agrandissement et de r\u00e9novation de maisons \u00e0 Montr\u00e9al avec Construction LaRoc, un savoir-faire expert et des solutions sur mesure.","og_url":"https:\/\/constructionlaroc.ca\/fr\/agrandissement-de-maison\/","og_site_name":"Construct Laroc","article_modified_time":"2025-11-15T10:05:42+00:00","twitter_card":"summary_large_image","twitter_misc":{"Dur\u00e9e de lecture estim\u00e9e":"1 minute"},"schema":{"@context":"https:\/\/schema.org","@graph":[{"@type":"WebPage","@id":"https:\/\/constructionlaroc.ca\/fr\/agrandissement-de-maison\/","url":"https:\/\/constructionlaroc.ca\/fr\/agrandissement-de-maison\/","name":"Agrandissements de maison | R\u00e9novation r\u00e9sidentielle Montr\u00e9al","isPartOf":{"@id":"https:\/\/constructionlaroc.ca\/#website"},"datePublished":"2017-08-31T03:25:51+00:00","dateModified":"2025-11-15T10:05:42+00:00","description":"Explorez les services d'agrandissement et de r\u00e9novation de maisons \u00e0 Montr\u00e9al avec Construction LaRoc, un savoir-faire expert et des solutions sur mesure.","breadcrumb":{"@id":"https:\/\/constructionlaroc.ca\/fr\/agrandissement-de-maison\/#breadcrumb"},"inLanguage":"fr-FR","potentialAction":[{"@type":"ReadAction","target":["https:\/\/constructionlaroc.ca\/fr\/agrandissement-de-maison\/"]}]},{"@type":"BreadcrumbList","@id":"https:\/\/constructionlaroc.ca\/fr\/agrandissement-de-maison\/#breadcrumb","itemListElement":[{"@type":"ListItem","position":1,"name":"Home","item":"https:\/\/constructionlaroc.ca\/fr\/"},{"@type":"ListItem","position":2,"name":"Agrandissement de maison"}]},{"@type":"WebSite","@id":"https:\/\/constructionlaroc.ca\/#website","url":"https:\/\/constructionlaroc.ca\/","name":"Construct Laroc","description":"Construction","potentialAction":[{"@type":"SearchAction","target":{"@type":"EntryPoint","urlTemplate":"https:\/\/constructionlaroc.ca\/?s={search_term_string}"},"query-input":{"@type":"PropertyValueSpecification","valueRequired":true,"valueName":"search_term_string"}}],"inLanguage":"fr-FR"}]}},"_links":{"self":[{"href":"https:\/\/constructionlaroc.ca\/fr\/wp-json\/wp\/v2\/pages\/1990","targetHints":{"allow":["GET"]}}],"collection":[{"href":"https:\/\/constructionlaroc.ca\/fr\/wp-json\/wp\/v2\/pages"}],"about":[{"href":"https:\/\/constructionlaroc.ca\/fr\/wp-json\/wp\/v2\/types\/page"}],"author":[{"embeddable":true,"href":"https:\/\/constructionlaroc.ca\/fr\/wp-json\/wp\/v2\/users\/1"}],"replies":[{"embeddable":true,"href":"https:\/\/constructionlaroc.ca\/fr\/wp-json\/wp\/v2\/comments?post=1990"}],"version-history":[{"count":4,"href":"https:\/\/constructionlaroc.ca\/fr\/wp-json\/wp\/v2\/pages\/1990\/revisions"}],"predecessor-version":[{"id":2038,"href":"https:\/\/constructionlaroc.ca\/fr\/wp-json\/wp\/v2\/pages\/1990\/revisions\/2038"}],"wp:attachment":[{"href":"https:\/\/constructionlaroc.ca\/fr\/wp-json\/wp\/v2\/media?parent=1990"}],"curies":[{"name":"wp","href":"https:\/\/api.w.org\/{rel}","templated":true}]}}