{"id":1992,"date":"2017-08-31T04:26:17","date_gmt":"2017-08-31T03:26:17","guid":{"rendered":"https:\/\/constructionlaroc.ca\/?page_id=1992"},"modified":"2025-10-29T20:15:31","modified_gmt":"2025-10-29T19:15:31","slug":"partenaires","status":"publish","type":"page","link":"https:\/\/constructionlaroc.ca\/fr\/partenaires\/","title":{"rendered":"Partenaires"},"content":{"rendered":"<div class=\"wpb-content-wrapper\"><p>[vc_row][vc_column][vc_column_text css_animation=\u00a0\u00bbfadeIn\u00a0\u00bb]<\/p>\n<h4>Nous nous associons uniquement aux meilleurs et pouvons vous mettre en contact avec des commer\u00e7ants certifi\u00e9s, agr\u00e9\u00e9s, des architectes, des agents immobiliers et des designers d&rsquo;int\u00e9rieur.<\/h4>\n<h4>Que nos partenaires commerciaux puissent vous aider \u00e0 compl\u00e9ter un petit travail ou vous avez besoin d&rsquo;un agent immobilier pour vous aider \u00e0 vendre votre maison, contactez-vous pour rejoindre certains des meilleurs et les plus exp\u00e9riment\u00e9s qui travaillent dans l&rsquo;industrie aujourd&rsquo;hui.<\/h4>\n<h4>Nous avons examin\u00e9 ces professionnels de sorte que vous ne devez pas et ne pas supporter l&rsquo;int\u00e9grit\u00e9 et l&rsquo;habilet\u00e9 de leur travail.<\/h4>\n<p>[\/vc_column_text][vc_btn title=\u00a0\u00bbNOUS JOINDRE\u00a0\u00bb color=\u00a0\u00bbwarning\u00a0\u00bb size=\u00a0\u00bblg\u00a0\u00bb align=\u00a0\u00bbcenter\u00a0\u00bb css_animation=\u00a0\u00bbfadeInRight\u00a0\u00bb link=\u00a0\u00bburl:https%3A%2F%2Fconstructionlaroc.ca%2Ffr%2Fnous-joindre%2F|||\u00a0\u00bb][\/vc_column][\/vc_row][vc_row el_class=\u00a0\u00bbdesktop\u00a0\u00bb][vc_column width=\u00a0\u00bb1\/6&Prime;][vc_single_image image=\u00a0\u00bb2134&Prime; alignment=\u00a0\u00bbcenter\u00a0\u00bb][\/vc_column][vc_column width=\u00a0\u00bb1\/6&Prime;][vc_single_image image=\u00a0\u00bb2195&Prime; alignment=\u00a0\u00bbcenter\u00a0\u00bb][\/vc_column][vc_column width=\u00a0\u00bb1\/6&Prime;][vc_single_image image=\u00a0\u00bb2135&Prime; alignment=\u00a0\u00bbcenter\u00a0\u00bb][\/vc_column][vc_column width=\u00a0\u00bb1\/6&Prime;][vc_single_image image=\u00a0\u00bb2136&Prime; alignment=\u00a0\u00bbcenter\u00a0\u00bb][\/vc_column][vc_column width=\u00a0\u00bb1\/6&Prime;][vc_single_image image=\u00a0\u00bb2137&Prime; alignment=\u00a0\u00bbcenter\u00a0\u00bb][\/vc_column][vc_column width=\u00a0\u00bb1\/6&Prime;][vc_single_image image=\u00a0\u00bb2132&Prime; alignment=\u00a0\u00bbcenter\u00a0\u00bb][\/vc_column][\/vc_row][vc_row el_class=\u00a0\u00bbmobile\u00a0\u00bb][vc_column][vc_single_image image=\u00a0\u00bb2235&Prime; img_size=\u00a0\u00bbfull\u00a0\u00bb alignment=\u00a0\u00bbcenter\u00a0\u00bb][\/vc_column][\/vc_row]<\/p>\n<\/div>","protected":false},"excerpt":{"rendered":"<p>[vc_row][vc_column][vc_column_text css_animation=\u00a0\u00bbfadeIn\u00a0\u00bb] Nous nous associons uniquement aux meilleurs et pouvons vous mettre en contact avec des commer\u00e7ants certifi\u00e9s, agr\u00e9\u00e9s, des architectes, des agents immobiliers et des designers d&rsquo;int\u00e9rieur. Que nos partenaires commerciaux puissent vous aider \u00e0 compl\u00e9ter un petit travail &hellip;<\/p>\n","protected":false},"author":1,"featured_media":0,"parent":0,"menu_order":0,"comment_status":"closed","ping_status":"closed","template":"","meta":{"footnotes":""},"class_list":["post-1992","page","type-page","status-publish","hentry"],"yoast_head":"<!-- This site is optimized with the Yoast SEO plugin v27.3 - https:\/\/yoast.com\/product\/yoast-seo-wordpress\/ -->\n<title>Partenaires | Entrepreneurs en r\u00e9novation Montr\u00e9al | Construction LaRoc<\/title>\n<meta name=\"description\" content=\"Rencontrez les partenaires de confiance de Construction LaRoc, entrepreneurs experts en r\u00e9novation \u00e0 Montr\u00e9al, r\u00e9alisant des projets r\u00e9sidentiels et commerciaux de haute qualit\u00e9.\" \/>\n<meta name=\"robots\" content=\"index, follow, max-snippet:-1, max-image-preview:large, max-video-preview:-1\" \/>\n<link rel=\"canonical\" href=\"https:\/\/constructionlaroc.ca\/fr\/partenaires\/\" \/>\n<meta property=\"og:locale\" content=\"fr_FR\" \/>\n<meta property=\"og:type\" content=\"article\" \/>\n<meta property=\"og:title\" content=\"Partenaires | Entrepreneurs en r\u00e9novation Montr\u00e9al | Construction LaRoc\" \/>\n<meta property=\"og:description\" content=\"Rencontrez les partenaires de confiance de Construction LaRoc, entrepreneurs experts en r\u00e9novation \u00e0 Montr\u00e9al, r\u00e9alisant des projets r\u00e9sidentiels et commerciaux de haute qualit\u00e9.\" \/>\n<meta property=\"og:url\" content=\"https:\/\/constructionlaroc.ca\/fr\/partenaires\/\" \/>\n<meta property=\"og:site_name\" content=\"Construct Laroc\" \/>\n<meta property=\"article:modified_time\" content=\"2025-10-29T19:15:31+00:00\" \/>\n<meta name=\"twitter:card\" content=\"summary_large_image\" \/>\n<meta name=\"twitter:label1\" content=\"Dur\u00e9e de lecture estim\u00e9e\" \/>\n\t<meta name=\"twitter:data1\" content=\"2 minutes\" \/>\n<script type=\"application\/ld+json\" class=\"yoast-schema-graph\">{\"@context\":\"https:\\\/\\\/schema.org\",\"@graph\":[{\"@type\":\"WebPage\",\"@id\":\"https:\\\/\\\/constructionlaroc.ca\\\/fr\\\/partenaires\\\/\",\"url\":\"https:\\\/\\\/constructionlaroc.ca\\\/fr\\\/partenaires\\\/\",\"name\":\"Partenaires | Entrepreneurs en r\u00e9novation Montr\u00e9al | Construction LaRoc\",\"isPartOf\":{\"@id\":\"https:\\\/\\\/constructionlaroc.ca\\\/#website\"},\"datePublished\":\"2017-08-31T03:26:17+00:00\",\"dateModified\":\"2025-10-29T19:15:31+00:00\",\"description\":\"Rencontrez les partenaires de confiance de Construction LaRoc, entrepreneurs experts en r\u00e9novation \u00e0 Montr\u00e9al, r\u00e9alisant des projets r\u00e9sidentiels et commerciaux de haute qualit\u00e9.\",\"breadcrumb\":{\"@id\":\"https:\\\/\\\/constructionlaroc.ca\\\/fr\\\/partenaires\\\/#breadcrumb\"},\"inLanguage\":\"fr-FR\",\"potentialAction\":[{\"@type\":\"ReadAction\",\"target\":[\"https:\\\/\\\/constructionlaroc.ca\\\/fr\\\/partenaires\\\/\"]}]},{\"@type\":\"BreadcrumbList\",\"@id\":\"https:\\\/\\\/constructionlaroc.ca\\\/fr\\\/partenaires\\\/#breadcrumb\",\"itemListElement\":[{\"@type\":\"ListItem\",\"position\":1,\"name\":\"Home\",\"item\":\"https:\\\/\\\/constructionlaroc.ca\\\/fr\\\/\"},{\"@type\":\"ListItem\",\"position\":2,\"name\":\"Partenaires\"}]},{\"@type\":\"WebSite\",\"@id\":\"https:\\\/\\\/constructionlaroc.ca\\\/#website\",\"url\":\"https:\\\/\\\/constructionlaroc.ca\\\/\",\"name\":\"Construct Laroc\",\"description\":\"Construction\",\"potentialAction\":[{\"@type\":\"SearchAction\",\"target\":{\"@type\":\"EntryPoint\",\"urlTemplate\":\"https:\\\/\\\/constructionlaroc.ca\\\/?s={search_term_string}\"},\"query-input\":{\"@type\":\"PropertyValueSpecification\",\"valueRequired\":true,\"valueName\":\"search_term_string\"}}],\"inLanguage\":\"fr-FR\"}]}<\/script>\n<!-- \/ Yoast SEO plugin. -->","yoast_head_json":{"title":"Partenaires | Entrepreneurs en r\u00e9novation Montr\u00e9al | Construction LaRoc","description":"Rencontrez les partenaires de confiance de Construction LaRoc, entrepreneurs experts en r\u00e9novation \u00e0 Montr\u00e9al, r\u00e9alisant des projets r\u00e9sidentiels et commerciaux de haute qualit\u00e9.","robots":{"index":"index","follow":"follow","max-snippet":"max-snippet:-1","max-image-preview":"max-image-preview:large","max-video-preview":"max-video-preview:-1"},"canonical":"https:\/\/constructionlaroc.ca\/fr\/partenaires\/","og_locale":"fr_FR","og_type":"article","og_title":"Partenaires | Entrepreneurs en r\u00e9novation Montr\u00e9al | Construction LaRoc","og_description":"Rencontrez les partenaires de confiance de Construction LaRoc, entrepreneurs experts en r\u00e9novation \u00e0 Montr\u00e9al, r\u00e9alisant des projets r\u00e9sidentiels et commerciaux de haute qualit\u00e9.","og_url":"https:\/\/constructionlaroc.ca\/fr\/partenaires\/","og_site_name":"Construct Laroc","article_modified_time":"2025-10-29T19:15:31+00:00","twitter_card":"summary_large_image","twitter_misc":{"Dur\u00e9e de lecture estim\u00e9e":"2 minutes"},"schema":{"@context":"https:\/\/schema.org","@graph":[{"@type":"WebPage","@id":"https:\/\/constructionlaroc.ca\/fr\/partenaires\/","url":"https:\/\/constructionlaroc.ca\/fr\/partenaires\/","name":"Partenaires | Entrepreneurs en r\u00e9novation Montr\u00e9al | Construction LaRoc","isPartOf":{"@id":"https:\/\/constructionlaroc.ca\/#website"},"datePublished":"2017-08-31T03:26:17+00:00","dateModified":"2025-10-29T19:15:31+00:00","description":"Rencontrez les partenaires de confiance de Construction LaRoc, entrepreneurs experts en r\u00e9novation \u00e0 Montr\u00e9al, r\u00e9alisant des projets r\u00e9sidentiels et commerciaux de haute qualit\u00e9.","breadcrumb":{"@id":"https:\/\/constructionlaroc.ca\/fr\/partenaires\/#breadcrumb"},"inLanguage":"fr-FR","potentialAction":[{"@type":"ReadAction","target":["https:\/\/constructionlaroc.ca\/fr\/partenaires\/"]}]},{"@type":"BreadcrumbList","@id":"https:\/\/constructionlaroc.ca\/fr\/partenaires\/#breadcrumb","itemListElement":[{"@type":"ListItem","position":1,"name":"Home","item":"https:\/\/constructionlaroc.ca\/fr\/"},{"@type":"ListItem","position":2,"name":"Partenaires"}]},{"@type":"WebSite","@id":"https:\/\/constructionlaroc.ca\/#website","url":"https:\/\/constructionlaroc.ca\/","name":"Construct Laroc","description":"Construction","potentialAction":[{"@type":"SearchAction","target":{"@type":"EntryPoint","urlTemplate":"https:\/\/constructionlaroc.ca\/?s={search_term_string}"},"query-input":{"@type":"PropertyValueSpecification","valueRequired":true,"valueName":"search_term_string"}}],"inLanguage":"fr-FR"}]}},"_links":{"self":[{"href":"https:\/\/constructionlaroc.ca\/fr\/wp-json\/wp\/v2\/pages\/1992","targetHints":{"allow":["GET"]}}],"collection":[{"href":"https:\/\/constructionlaroc.ca\/fr\/wp-json\/wp\/v2\/pages"}],"about":[{"href":"https:\/\/constructionlaroc.ca\/fr\/wp-json\/wp\/v2\/types\/page"}],"author":[{"embeddable":true,"href":"https:\/\/constructionlaroc.ca\/fr\/wp-json\/wp\/v2\/users\/1"}],"replies":[{"embeddable":true,"href":"https:\/\/constructionlaroc.ca\/fr\/wp-json\/wp\/v2\/comments?post=1992"}],"version-history":[{"count":8,"href":"https:\/\/constructionlaroc.ca\/fr\/wp-json\/wp\/v2\/pages\/1992\/revisions"}],"predecessor-version":[{"id":2253,"href":"https:\/\/constructionlaroc.ca\/fr\/wp-json\/wp\/v2\/pages\/1992\/revisions\/2253"}],"wp:attachment":[{"href":"https:\/\/constructionlaroc.ca\/fr\/wp-json\/wp\/v2\/media?parent=1992"}],"curies":[{"name":"wp","href":"https:\/\/api.w.org\/{rel}","templated":true}]}}