{"id":1998,"date":"2017-08-31T04:27:30","date_gmt":"2017-08-31T03:27:30","guid":{"rendered":"https:\/\/constructionlaroc.ca\/?page_id=1998"},"modified":"2025-10-29T20:17:42","modified_gmt":"2025-10-29T19:17:42","slug":"commercial","status":"publish","type":"page","link":"https:\/\/constructionlaroc.ca\/fr\/services\/commercial\/","title":{"rendered":"Commercial"},"content":{"rendered":"<div class=\"wpb-content-wrapper\"><p>[vc_row el_class=\u00a0\u00bbdesktop\u00a0\u00bb][vc_column width=\u00a0\u00bb1\/2&Prime;][vc_single_image image=\u00a0\u00bb1952&Prime; img_size=\u00a0\u00bbfull\u00a0\u00bb css_animation=\u00a0\u00bbfadeInLeft\u00a0\u00bb][\/vc_column][vc_column width=\u00a0\u00bb1\/2&Prime;][vc_column_text css_animation=\u00a0\u00bbfadeInRight\u00a0\u00bb]<\/p>\n<h4>Chez Construction Laroc, nous sommes heureux de fournir nos ann\u00e9es d&rsquo;expertise et de connaissances, en aidant toute personne ayant besoin de services de construction commerciale \u00e0 Montr\u00e9al. Notre \u00e9quipe professionnelle de les charpentiers, les \u00e9lectriciens, la m\u00e9canique, les plombiers et les constructeurs commerciaux \u00e0 Montr\u00e9al sont plus qu&rsquo;heureux de r\u00e9pondre \u00e0 vos besoins, fournissant des conseils d&rsquo;experts et des r\u00e9sultats de haute qualit\u00e9 d\u00e8s le d\u00e9but jusqu&rsquo;\u00e0 ach\u00e8vement du projet. Soyez assur\u00e9s que tous les projets de construction et de r\u00e9novation que nous traitons sont g\u00e9r\u00e9s par certains des constructeurs commerciaux les plus qualifi\u00e9s de Montr\u00e9al, qui ont travaill\u00e9 pendant plusieurs ann\u00e9es.<\/h4>\n<p>[\/vc_column_text][vc_btn title=\u00a0\u00bbESTIMATION GRATUITE\u00a0\u00bb color=\u00a0\u00bbwarning\u00a0\u00bb size=\u00a0\u00bblg\u00a0\u00bb css_animation=\u00a0\u00bbfadeInRight\u00a0\u00bb link=\u00a0\u00bburl:https%3A%2F%2Fconstructionlaroc.ca%2Ffr%2Festimation-gratuite%2F|||\u00a0\u00bb][\/vc_column][\/vc_row][vc_row el_class=\u00a0\u00bbmobile\u00a0\u00bb][vc_column width=\u00a0\u00bb1\/2&Prime;][vc_single_image image=\u00a0\u00bb1952&Prime; img_size=\u00a0\u00bbfull\u00a0\u00bb css_animation=\u00a0\u00bbfadeInLeft\u00a0\u00bb][vc_column_text css_animation=\u00a0\u00bbfadeInLeft\u00a0\u00bb]Chez Construction Laroc, nous sommes heureux de fournir nos ann\u00e9es d&rsquo;expertise et de connaissances, en aidant toute personne ayant besoin de services de construction commerciale \u00e0 Montr\u00e9al. Notre \u00e9quipe professionnelle de les charpentiers, les \u00e9lectriciens, la m\u00e9canique, les plombiers et les constructeurs commerciaux \u00e0 Montr\u00e9al sont plus qu&rsquo;heureux de r\u00e9pondre \u00e0 vos besoins, fournissant des conseils d&rsquo;experts et des r\u00e9sultats de haute qualit\u00e9 d\u00e8s le d\u00e9but jusqu&rsquo;\u00e0 ach\u00e8vement du projet. Soyez assur\u00e9s que tous les projets de construction et de r\u00e9novation que nous traitons sont g\u00e9r\u00e9s par certains des constructeurs commerciaux les plus qualifi\u00e9s de Montr\u00e9al, qui ont travaill\u00e9 pendant plusieurs ann\u00e9es.[\/vc_column_text][vc_btn title=\u00a0\u00bbESTIMATION GRATUITE\u00a0\u00bb color=\u00a0\u00bbwarning\u00a0\u00bb size=\u00a0\u00bblg\u00a0\u00bb css_animation=\u00a0\u00bbfadeInLeft\u00a0\u00bb link=\u00a0\u00bburl:https%3A%2F%2Fconstructionlaroc.ca%2Ffr%2Festimation-gratuite%2F|||\u00a0\u00bb][\/vc_column][vc_column width=\u00a0\u00bb1\/2&Prime;][\/vc_column][\/vc_row][vc_row el_class=\u00a0\u00bbdesktop\u00a0\u00bb][vc_column width=\u00a0\u00bb1\/2&Prime;][vc_column_text css_animation=\u00a0\u00bbfadeInLeft\u00a0\u00bb]<\/p>\n<h4>Quelle que soit la port\u00e9e du projet, Laroc Construction s&rsquo;engage \u00e0 d\u00e9passer vos attentes, ne fournissant que des r\u00e9sultats de haute qualit\u00e9. Notre personnel qualifi\u00e9 vous aidera \u00e0 partir de la phase de conception du projet, jusqu&rsquo;\u00e0 la fin de votre b\u00e2timent ou de votre r\u00e9novation. Dans le pass\u00e9, nous avons d\u00e9j\u00e0 d\u00e9montr\u00e9 notre capacit\u00e9 \u00e0 s&rsquo;entendre avec les propri\u00e9taires de b\u00e2timents, leurs repr\u00e9sentants, les locataires, les sous-traitants et m\u00eame ceux charg\u00e9s par le gouvernement de r\u00e9glementer ces projets. Faites confiance \u00e0 Construction Laroc pour fournir des services de construction commerciale topnotch \u00e0 Montr\u00e9al.<\/h4>\n<p>[\/vc_column_text][vc_btn title=\u00a0\u00bbESTIMATION GRATUITE\u00a0\u00bb color=\u00a0\u00bbwarning\u00a0\u00bb size=\u00a0\u00bblg\u00a0\u00bb css_animation=\u00a0\u00bbfadeInLeft\u00a0\u00bb link=\u00a0\u00bburl:https%3A%2F%2Fconstructionlaroc.ca%2Ffr%2Festimation-gratuite%2F|||\u00a0\u00bb][\/vc_column][vc_column width=\u00a0\u00bb1\/2&Prime;][vc_single_image image=\u00a0\u00bb2064&Prime; img_size=\u00a0\u00bbfull\u00a0\u00bb css_animation=\u00a0\u00bbfadeInRight\u00a0\u00bb][\/vc_column][\/vc_row][vc_row el_class=\u00a0\u00bbmobile\u00a0\u00bb][vc_column][vc_single_image image=\u00a0\u00bb2064&Prime; img_size=\u00a0\u00bbfull\u00a0\u00bb css_animation=\u00a0\u00bbfadeInLeft\u00a0\u00bb][vc_column_text css_animation=\u00a0\u00bbfadeInLeft\u00a0\u00bb]Quelle que soit la port\u00e9e du projet, Laroc Construction s&rsquo;engage \u00e0 d\u00e9passer vos attentes, ne fournissant que des r\u00e9sultats de haute qualit\u00e9. Notre personnel qualifi\u00e9 vous aidera \u00e0 partir de la phase de conception du projet, jusqu&rsquo;\u00e0 la fin de votre b\u00e2timent ou de votre r\u00e9novation. Dans le pass\u00e9, nous avons d\u00e9j\u00e0 d\u00e9montr\u00e9 notre capacit\u00e9 \u00e0 s&rsquo;entendre avec les propri\u00e9taires de b\u00e2timents, leurs repr\u00e9sentants, les locataires, les sous-traitants et m\u00eame ceux charg\u00e9s par le gouvernement de r\u00e9glementer ces projets. Faites confiance \u00e0 Construction Laroc pour fournir des services de construction commerciale topnotch \u00e0 Montr\u00e9al.[\/vc_column_text][vc_btn title=\u00a0\u00bbESTIMATION GRATUITE\u00a0\u00bb color=\u00a0\u00bbwarning\u00a0\u00bb size=\u00a0\u00bblg\u00a0\u00bb css_animation=\u00a0\u00bbfadeInLeft\u00a0\u00bb link=\u00a0\u00bburl:https%3A%2F%2Fconstructionlaroc.ca%2Ffr%2Festimation-gratuite%2F|||\u00a0\u00bb][\/vc_column][\/vc_row][vc_row][vc_column][vc_column_text]<\/p>\n<p>[\/vc_column_text][\/vc_column][\/vc_row]<\/p>\n<\/div>","protected":false},"excerpt":{"rendered":"<p>[vc_row el_class=\u00a0\u00bbdesktop\u00a0\u00bb][vc_column width=\u00a0\u00bb1\/2&Prime;][vc_single_image image=\u00a0\u00bb1952&Prime; img_size=\u00a0\u00bbfull\u00a0\u00bb css_animation=\u00a0\u00bbfadeInLeft\u00a0\u00bb][\/vc_column][vc_column width=\u00a0\u00bb1\/2&Prime;][vc_column_text css_animation=\u00a0\u00bbfadeInRight\u00a0\u00bb] Chez Construction Laroc, nous sommes heureux de fournir nos ann\u00e9es d&rsquo;expertise et de connaissances, en aidant toute personne ayant besoin de services de construction commerciale \u00e0 Montr\u00e9al. Notre \u00e9quipe professionnelle de les &hellip;<\/p>\n","protected":false},"author":1,"featured_media":0,"parent":1996,"menu_order":0,"comment_status":"closed","ping_status":"closed","template":"","meta":{"footnotes":""},"class_list":["post-1998","page","type-page","status-publish","hentry"],"yoast_head":"<!-- This site is optimized with the Yoast SEO plugin v27.3 - https:\/\/yoast.com\/product\/yoast-seo-wordpress\/ -->\n<title>R\u00e9novation commerciale \u00e0 Montr\u00e9al | Construction LaRoc<\/title>\n<meta name=\"description\" content=\"R\u00e9novation commerciale experte \u00e0 Montr\u00e9al par Construction LaRoc. Un savoir-faire de qualit\u00e9 pour vos espaces commerciaux. Obtenez une consultation gratuite d\u00e8s aujourd&#039;hui.\" \/>\n<meta name=\"robots\" content=\"index, follow, max-snippet:-1, max-image-preview:large, max-video-preview:-1\" \/>\n<link rel=\"canonical\" href=\"https:\/\/constructionlaroc.ca\/fr\/services\/commercial\/\" \/>\n<meta property=\"og:locale\" content=\"fr_FR\" \/>\n<meta property=\"og:type\" content=\"article\" \/>\n<meta property=\"og:title\" content=\"R\u00e9novation commerciale \u00e0 Montr\u00e9al | Construction LaRoc\" \/>\n<meta property=\"og:description\" content=\"R\u00e9novation commerciale experte \u00e0 Montr\u00e9al par Construction LaRoc. Un savoir-faire de qualit\u00e9 pour vos espaces commerciaux. Obtenez une consultation gratuite d\u00e8s aujourd&#039;hui.\" \/>\n<meta property=\"og:url\" content=\"https:\/\/constructionlaroc.ca\/fr\/services\/commercial\/\" \/>\n<meta property=\"og:site_name\" content=\"Construct Laroc\" \/>\n<meta property=\"article:modified_time\" content=\"2025-10-29T19:17:42+00:00\" \/>\n<meta name=\"twitter:card\" content=\"summary_large_image\" \/>\n<meta name=\"twitter:label1\" content=\"Dur\u00e9e de lecture estim\u00e9e\" \/>\n\t<meta name=\"twitter:data1\" content=\"3 minutes\" \/>\n<script type=\"application\/ld+json\" class=\"yoast-schema-graph\">{\"@context\":\"https:\\\/\\\/schema.org\",\"@graph\":[{\"@type\":\"WebPage\",\"@id\":\"https:\\\/\\\/constructionlaroc.ca\\\/fr\\\/services\\\/commercial\\\/\",\"url\":\"https:\\\/\\\/constructionlaroc.ca\\\/fr\\\/services\\\/commercial\\\/\",\"name\":\"R\u00e9novation commerciale \u00e0 Montr\u00e9al | Construction LaRoc\",\"isPartOf\":{\"@id\":\"https:\\\/\\\/constructionlaroc.ca\\\/#website\"},\"datePublished\":\"2017-08-31T03:27:30+00:00\",\"dateModified\":\"2025-10-29T19:17:42+00:00\",\"description\":\"R\u00e9novation commerciale experte \u00e0 Montr\u00e9al par Construction LaRoc. Un savoir-faire de qualit\u00e9 pour vos espaces commerciaux. Obtenez une consultation gratuite d\u00e8s aujourd'hui.\",\"breadcrumb\":{\"@id\":\"https:\\\/\\\/constructionlaroc.ca\\\/fr\\\/services\\\/commercial\\\/#breadcrumb\"},\"inLanguage\":\"fr-FR\",\"potentialAction\":[{\"@type\":\"ReadAction\",\"target\":[\"https:\\\/\\\/constructionlaroc.ca\\\/fr\\\/services\\\/commercial\\\/\"]}]},{\"@type\":\"BreadcrumbList\",\"@id\":\"https:\\\/\\\/constructionlaroc.ca\\\/fr\\\/services\\\/commercial\\\/#breadcrumb\",\"itemListElement\":[{\"@type\":\"ListItem\",\"position\":1,\"name\":\"Home\",\"item\":\"https:\\\/\\\/constructionlaroc.ca\\\/fr\\\/\"},{\"@type\":\"ListItem\",\"position\":2,\"name\":\"Services\",\"item\":\"https:\\\/\\\/constructionlaroc.ca\\\/fr\\\/services\\\/\"},{\"@type\":\"ListItem\",\"position\":3,\"name\":\"Commercial\"}]},{\"@type\":\"WebSite\",\"@id\":\"https:\\\/\\\/constructionlaroc.ca\\\/#website\",\"url\":\"https:\\\/\\\/constructionlaroc.ca\\\/\",\"name\":\"Construct Laroc\",\"description\":\"Construction\",\"potentialAction\":[{\"@type\":\"SearchAction\",\"target\":{\"@type\":\"EntryPoint\",\"urlTemplate\":\"https:\\\/\\\/constructionlaroc.ca\\\/?s={search_term_string}\"},\"query-input\":{\"@type\":\"PropertyValueSpecification\",\"valueRequired\":true,\"valueName\":\"search_term_string\"}}],\"inLanguage\":\"fr-FR\"}]}<\/script>\n<!-- \/ Yoast SEO plugin. -->","yoast_head_json":{"title":"R\u00e9novation commerciale \u00e0 Montr\u00e9al | Construction LaRoc","description":"R\u00e9novation commerciale experte \u00e0 Montr\u00e9al par Construction LaRoc. Un savoir-faire de qualit\u00e9 pour vos espaces commerciaux. Obtenez une consultation gratuite d\u00e8s aujourd'hui.","robots":{"index":"index","follow":"follow","max-snippet":"max-snippet:-1","max-image-preview":"max-image-preview:large","max-video-preview":"max-video-preview:-1"},"canonical":"https:\/\/constructionlaroc.ca\/fr\/services\/commercial\/","og_locale":"fr_FR","og_type":"article","og_title":"R\u00e9novation commerciale \u00e0 Montr\u00e9al | Construction LaRoc","og_description":"R\u00e9novation commerciale experte \u00e0 Montr\u00e9al par Construction LaRoc. Un savoir-faire de qualit\u00e9 pour vos espaces commerciaux. Obtenez une consultation gratuite d\u00e8s aujourd'hui.","og_url":"https:\/\/constructionlaroc.ca\/fr\/services\/commercial\/","og_site_name":"Construct Laroc","article_modified_time":"2025-10-29T19:17:42+00:00","twitter_card":"summary_large_image","twitter_misc":{"Dur\u00e9e de lecture estim\u00e9e":"3 minutes"},"schema":{"@context":"https:\/\/schema.org","@graph":[{"@type":"WebPage","@id":"https:\/\/constructionlaroc.ca\/fr\/services\/commercial\/","url":"https:\/\/constructionlaroc.ca\/fr\/services\/commercial\/","name":"R\u00e9novation commerciale \u00e0 Montr\u00e9al | Construction LaRoc","isPartOf":{"@id":"https:\/\/constructionlaroc.ca\/#website"},"datePublished":"2017-08-31T03:27:30+00:00","dateModified":"2025-10-29T19:17:42+00:00","description":"R\u00e9novation commerciale experte \u00e0 Montr\u00e9al par Construction LaRoc. Un savoir-faire de qualit\u00e9 pour vos espaces commerciaux. Obtenez une consultation gratuite d\u00e8s aujourd'hui.","breadcrumb":{"@id":"https:\/\/constructionlaroc.ca\/fr\/services\/commercial\/#breadcrumb"},"inLanguage":"fr-FR","potentialAction":[{"@type":"ReadAction","target":["https:\/\/constructionlaroc.ca\/fr\/services\/commercial\/"]}]},{"@type":"BreadcrumbList","@id":"https:\/\/constructionlaroc.ca\/fr\/services\/commercial\/#breadcrumb","itemListElement":[{"@type":"ListItem","position":1,"name":"Home","item":"https:\/\/constructionlaroc.ca\/fr\/"},{"@type":"ListItem","position":2,"name":"Services","item":"https:\/\/constructionlaroc.ca\/fr\/services\/"},{"@type":"ListItem","position":3,"name":"Commercial"}]},{"@type":"WebSite","@id":"https:\/\/constructionlaroc.ca\/#website","url":"https:\/\/constructionlaroc.ca\/","name":"Construct Laroc","description":"Construction","potentialAction":[{"@type":"SearchAction","target":{"@type":"EntryPoint","urlTemplate":"https:\/\/constructionlaroc.ca\/?s={search_term_string}"},"query-input":{"@type":"PropertyValueSpecification","valueRequired":true,"valueName":"search_term_string"}}],"inLanguage":"fr-FR"}]}},"_links":{"self":[{"href":"https:\/\/constructionlaroc.ca\/fr\/wp-json\/wp\/v2\/pages\/1998","targetHints":{"allow":["GET"]}}],"collection":[{"href":"https:\/\/constructionlaroc.ca\/fr\/wp-json\/wp\/v2\/pages"}],"about":[{"href":"https:\/\/constructionlaroc.ca\/fr\/wp-json\/wp\/v2\/types\/page"}],"author":[{"embeddable":true,"href":"https:\/\/constructionlaroc.ca\/fr\/wp-json\/wp\/v2\/users\/1"}],"replies":[{"embeddable":true,"href":"https:\/\/constructionlaroc.ca\/fr\/wp-json\/wp\/v2\/comments?post=1998"}],"version-history":[{"count":13,"href":"https:\/\/constructionlaroc.ca\/fr\/wp-json\/wp\/v2\/pages\/1998\/revisions"}],"predecessor-version":[{"id":2110,"href":"https:\/\/constructionlaroc.ca\/fr\/wp-json\/wp\/v2\/pages\/1998\/revisions\/2110"}],"up":[{"embeddable":true,"href":"https:\/\/constructionlaroc.ca\/fr\/wp-json\/wp\/v2\/pages\/1996"}],"wp:attachment":[{"href":"https:\/\/constructionlaroc.ca\/fr\/wp-json\/wp\/v2\/media?parent=1998"}],"curies":[{"name":"wp","href":"https:\/\/api.w.org\/{rel}","templated":true}]}}