{"id":2000,"date":"2017-08-31T04:28:12","date_gmt":"2017-08-31T03:28:12","guid":{"rendered":"https:\/\/constructionlaroc.ca\/?page_id=2000"},"modified":"2025-10-29T20:21:49","modified_gmt":"2025-10-29T19:21:49","slug":"maison-personnalisee","status":"publish","type":"page","link":"https:\/\/constructionlaroc.ca\/fr\/services\/maison-personnalisee\/","title":{"rendered":"Maison personnalis\u00e9e"},"content":{"rendered":"<div class=\"wpb-content-wrapper\"><p>[vc_row][vc_column width=\u00a0\u00bb1\/2&Prime;][vc_single_image image=\u00a0\u00bb1895&Prime; img_size=\u00a0\u00bbfull\u00a0\u00bb css_animation=\u00a0\u00bbfadeInLeft\u00a0\u00bb][\/vc_column][vc_column width=\u00a0\u00bb1\/2&Prime;][vc_column_text css_animation=\u00a0\u00bbfadeInRight\u00a0\u00bb]<\/p>\n<h4>Alors que Montr\u00e9al poss\u00e8de de nombreux gemmes, trouver la maison parfaite est plus que simplement trouver le meilleur emplacement. Il est tout aussi important de trouver le bon style, la disposition et les commodit\u00e9s.<\/h4>\n<h4>Parfois, le mod\u00e8le du fabricant de coupe-biscuits ne le fera jamais, et quand c&rsquo;est le cas, les r\u00e9sidents de Montr\u00e9al se tournent vers Laroc Construction pour un b\u00e2timent personnalis\u00e9 \u00e0 domicile \u00e0 un prix imbattable. En tant que r\u00e9sidents de Montr\u00e9al, nous comprenons l&rsquo;architecture unique et l&rsquo;histoire dans nos quartiers.<\/h4>\n<p>[\/vc_column_text][vc_btn title=\u00a0\u00bbESTIMATION GRATUITE\u00a0\u00bb color=\u00a0\u00bbwarning\u00a0\u00bb size=\u00a0\u00bblg\u00a0\u00bb css_animation=\u00a0\u00bbfadeInRight\u00a0\u00bb link=\u00a0\u00bburl:https%3A%2F%2Fconstructionlaroc.ca%2Ffr%2Festimation-gratuite%2F|||\u00a0\u00bb][\/vc_column][\/vc_row]<\/p>\n<\/div>","protected":false},"excerpt":{"rendered":"<p>[vc_row][vc_column width=\u00a0\u00bb1\/2&Prime;][vc_single_image image=\u00a0\u00bb1895&Prime; img_size=\u00a0\u00bbfull\u00a0\u00bb css_animation=\u00a0\u00bbfadeInLeft\u00a0\u00bb][\/vc_column][vc_column width=\u00a0\u00bb1\/2&Prime;][vc_column_text css_animation=\u00a0\u00bbfadeInRight\u00a0\u00bb] Alors que Montr\u00e9al poss\u00e8de de nombreux gemmes, trouver la maison parfaite est plus que simplement trouver le meilleur emplacement. Il est tout aussi important de trouver le bon style, la disposition et les &hellip;<\/p>\n","protected":false},"author":1,"featured_media":0,"parent":1996,"menu_order":0,"comment_status":"closed","ping_status":"closed","template":"","meta":{"footnotes":""},"class_list":["post-2000","page","type-page","status-publish","hentry"],"yoast_head":"<!-- This site is optimized with the Yoast SEO plugin v27.3 - https:\/\/yoast.com\/product\/yoast-seo-wordpress\/ -->\n<title>Maisons sur mesure | R\u00e9novation r\u00e9sidentielle Montr\u00e9al | Construction LaRoc<\/title>\n<meta name=\"description\" content=\"Construction LaRoc construit des maisons sur mesure et offre des services de r\u00e9novation r\u00e9sidentielle experts \u00e0 Montr\u00e9al. Qualit\u00e9 et savoir-faire reconnus pour chaque projet.\" \/>\n<meta name=\"robots\" content=\"index, follow, max-snippet:-1, max-image-preview:large, max-video-preview:-1\" \/>\n<link rel=\"canonical\" href=\"https:\/\/constructionlaroc.ca\/fr\/services\/maison-personnalisee\/\" \/>\n<meta property=\"og:locale\" content=\"fr_FR\" \/>\n<meta property=\"og:type\" content=\"article\" \/>\n<meta property=\"og:title\" content=\"Maisons sur mesure | R\u00e9novation r\u00e9sidentielle Montr\u00e9al | Construction LaRoc\" \/>\n<meta property=\"og:description\" content=\"Construction LaRoc construit des maisons sur mesure et offre des services de r\u00e9novation r\u00e9sidentielle experts \u00e0 Montr\u00e9al. Qualit\u00e9 et savoir-faire reconnus pour chaque projet.\" \/>\n<meta property=\"og:url\" content=\"https:\/\/constructionlaroc.ca\/fr\/services\/maison-personnalisee\/\" \/>\n<meta property=\"og:site_name\" content=\"Construct Laroc\" \/>\n<meta property=\"article:modified_time\" content=\"2025-10-29T19:21:49+00:00\" \/>\n<meta name=\"twitter:card\" content=\"summary_large_image\" \/>\n<meta name=\"twitter:label1\" content=\"Dur\u00e9e de lecture estim\u00e9e\" \/>\n\t<meta name=\"twitter:data1\" content=\"1 minute\" \/>\n<script type=\"application\/ld+json\" class=\"yoast-schema-graph\">{\"@context\":\"https:\\\/\\\/schema.org\",\"@graph\":[{\"@type\":\"WebPage\",\"@id\":\"https:\\\/\\\/constructionlaroc.ca\\\/fr\\\/services\\\/maison-personnalisee\\\/\",\"url\":\"https:\\\/\\\/constructionlaroc.ca\\\/fr\\\/services\\\/maison-personnalisee\\\/\",\"name\":\"Maisons sur mesure | R\u00e9novation r\u00e9sidentielle Montr\u00e9al | Construction LaRoc\",\"isPartOf\":{\"@id\":\"https:\\\/\\\/constructionlaroc.ca\\\/#website\"},\"datePublished\":\"2017-08-31T03:28:12+00:00\",\"dateModified\":\"2025-10-29T19:21:49+00:00\",\"description\":\"Construction LaRoc construit des maisons sur mesure et offre des services de r\u00e9novation r\u00e9sidentielle experts \u00e0 Montr\u00e9al. Qualit\u00e9 et savoir-faire reconnus pour chaque projet.\",\"breadcrumb\":{\"@id\":\"https:\\\/\\\/constructionlaroc.ca\\\/fr\\\/services\\\/maison-personnalisee\\\/#breadcrumb\"},\"inLanguage\":\"fr-FR\",\"potentialAction\":[{\"@type\":\"ReadAction\",\"target\":[\"https:\\\/\\\/constructionlaroc.ca\\\/fr\\\/services\\\/maison-personnalisee\\\/\"]}]},{\"@type\":\"BreadcrumbList\",\"@id\":\"https:\\\/\\\/constructionlaroc.ca\\\/fr\\\/services\\\/maison-personnalisee\\\/#breadcrumb\",\"itemListElement\":[{\"@type\":\"ListItem\",\"position\":1,\"name\":\"Home\",\"item\":\"https:\\\/\\\/constructionlaroc.ca\\\/fr\\\/\"},{\"@type\":\"ListItem\",\"position\":2,\"name\":\"Services\",\"item\":\"https:\\\/\\\/constructionlaroc.ca\\\/fr\\\/services\\\/\"},{\"@type\":\"ListItem\",\"position\":3,\"name\":\"Maison personnalis\u00e9e\"}]},{\"@type\":\"WebSite\",\"@id\":\"https:\\\/\\\/constructionlaroc.ca\\\/#website\",\"url\":\"https:\\\/\\\/constructionlaroc.ca\\\/\",\"name\":\"Construct Laroc\",\"description\":\"Construction\",\"potentialAction\":[{\"@type\":\"SearchAction\",\"target\":{\"@type\":\"EntryPoint\",\"urlTemplate\":\"https:\\\/\\\/constructionlaroc.ca\\\/?s={search_term_string}\"},\"query-input\":{\"@type\":\"PropertyValueSpecification\",\"valueRequired\":true,\"valueName\":\"search_term_string\"}}],\"inLanguage\":\"fr-FR\"}]}<\/script>\n<!-- \/ Yoast SEO plugin. -->","yoast_head_json":{"title":"Maisons sur mesure | R\u00e9novation r\u00e9sidentielle Montr\u00e9al | Construction LaRoc","description":"Construction LaRoc construit des maisons sur mesure et offre des services de r\u00e9novation r\u00e9sidentielle experts \u00e0 Montr\u00e9al. Qualit\u00e9 et savoir-faire reconnus pour chaque projet.","robots":{"index":"index","follow":"follow","max-snippet":"max-snippet:-1","max-image-preview":"max-image-preview:large","max-video-preview":"max-video-preview:-1"},"canonical":"https:\/\/constructionlaroc.ca\/fr\/services\/maison-personnalisee\/","og_locale":"fr_FR","og_type":"article","og_title":"Maisons sur mesure | R\u00e9novation r\u00e9sidentielle Montr\u00e9al | Construction LaRoc","og_description":"Construction LaRoc construit des maisons sur mesure et offre des services de r\u00e9novation r\u00e9sidentielle experts \u00e0 Montr\u00e9al. Qualit\u00e9 et savoir-faire reconnus pour chaque projet.","og_url":"https:\/\/constructionlaroc.ca\/fr\/services\/maison-personnalisee\/","og_site_name":"Construct Laroc","article_modified_time":"2025-10-29T19:21:49+00:00","twitter_card":"summary_large_image","twitter_misc":{"Dur\u00e9e de lecture estim\u00e9e":"1 minute"},"schema":{"@context":"https:\/\/schema.org","@graph":[{"@type":"WebPage","@id":"https:\/\/constructionlaroc.ca\/fr\/services\/maison-personnalisee\/","url":"https:\/\/constructionlaroc.ca\/fr\/services\/maison-personnalisee\/","name":"Maisons sur mesure | R\u00e9novation r\u00e9sidentielle Montr\u00e9al | Construction LaRoc","isPartOf":{"@id":"https:\/\/constructionlaroc.ca\/#website"},"datePublished":"2017-08-31T03:28:12+00:00","dateModified":"2025-10-29T19:21:49+00:00","description":"Construction LaRoc construit des maisons sur mesure et offre des services de r\u00e9novation r\u00e9sidentielle experts \u00e0 Montr\u00e9al. Qualit\u00e9 et savoir-faire reconnus pour chaque projet.","breadcrumb":{"@id":"https:\/\/constructionlaroc.ca\/fr\/services\/maison-personnalisee\/#breadcrumb"},"inLanguage":"fr-FR","potentialAction":[{"@type":"ReadAction","target":["https:\/\/constructionlaroc.ca\/fr\/services\/maison-personnalisee\/"]}]},{"@type":"BreadcrumbList","@id":"https:\/\/constructionlaroc.ca\/fr\/services\/maison-personnalisee\/#breadcrumb","itemListElement":[{"@type":"ListItem","position":1,"name":"Home","item":"https:\/\/constructionlaroc.ca\/fr\/"},{"@type":"ListItem","position":2,"name":"Services","item":"https:\/\/constructionlaroc.ca\/fr\/services\/"},{"@type":"ListItem","position":3,"name":"Maison personnalis\u00e9e"}]},{"@type":"WebSite","@id":"https:\/\/constructionlaroc.ca\/#website","url":"https:\/\/constructionlaroc.ca\/","name":"Construct Laroc","description":"Construction","potentialAction":[{"@type":"SearchAction","target":{"@type":"EntryPoint","urlTemplate":"https:\/\/constructionlaroc.ca\/?s={search_term_string}"},"query-input":{"@type":"PropertyValueSpecification","valueRequired":true,"valueName":"search_term_string"}}],"inLanguage":"fr-FR"}]}},"_links":{"self":[{"href":"https:\/\/constructionlaroc.ca\/fr\/wp-json\/wp\/v2\/pages\/2000","targetHints":{"allow":["GET"]}}],"collection":[{"href":"https:\/\/constructionlaroc.ca\/fr\/wp-json\/wp\/v2\/pages"}],"about":[{"href":"https:\/\/constructionlaroc.ca\/fr\/wp-json\/wp\/v2\/types\/page"}],"author":[{"embeddable":true,"href":"https:\/\/constructionlaroc.ca\/fr\/wp-json\/wp\/v2\/users\/1"}],"replies":[{"embeddable":true,"href":"https:\/\/constructionlaroc.ca\/fr\/wp-json\/wp\/v2\/comments?post=2000"}],"version-history":[{"count":4,"href":"https:\/\/constructionlaroc.ca\/fr\/wp-json\/wp\/v2\/pages\/2000\/revisions"}],"predecessor-version":[{"id":2082,"href":"https:\/\/constructionlaroc.ca\/fr\/wp-json\/wp\/v2\/pages\/2000\/revisions\/2082"}],"up":[{"embeddable":true,"href":"https:\/\/constructionlaroc.ca\/fr\/wp-json\/wp\/v2\/pages\/1996"}],"wp:attachment":[{"href":"https:\/\/constructionlaroc.ca\/fr\/wp-json\/wp\/v2\/media?parent=2000"}],"curies":[{"name":"wp","href":"https:\/\/api.w.org\/{rel}","templated":true}]}}