{"id":2002,"date":"2017-08-31T04:28:51","date_gmt":"2017-08-31T03:28:51","guid":{"rendered":"https:\/\/constructionlaroc.ca\/?page_id=2002"},"modified":"2025-10-29T20:20:22","modified_gmt":"2025-10-29T19:20:22","slug":"renovations-residentiel-et-commercial","status":"publish","type":"page","link":"https:\/\/constructionlaroc.ca\/fr\/services\/renovations-residentiel-et-commercial\/","title":{"rendered":"Renovations"},"content":{"rendered":"<div class=\"wpb-content-wrapper\"><p>[vc_row el_class=\u00a0\u00bbdesktop\u00a0\u00bb][vc_column width=\u00a0\u00bb1\/2&Prime;][vc_single_image image=\u00a0\u00bb1944&Prime; img_size=\u00a0\u00bbfull\u00a0\u00bb css_animation=\u00a0\u00bbfadeInLeft\u00a0\u00bb][\/vc_column][vc_column width=\u00a0\u00bb1\/2&Prime;][vc_column_text css_animation=\u00a0\u00bbfadeInRight\u00a0\u00bb]<\/p>\n<h2>R\u00e9sidentiel<\/h2>\n<p>Chez Construction Laroc, nous croyons que les maisons devraient susciter de la joie, du confort et du plaisir pour ceux qui occupent leurs murs. Qu&rsquo;il s&rsquo;agisse d&rsquo;un \u00e9tage principal moderne, d&rsquo;un paradis pour les cuisiniers, d&rsquo;une retraite de salle de bains spa ou d&rsquo;un sous-sol fini, nous abordons les r\u00e9novations r\u00e9sidentielles majeures avec facilit\u00e9. Cr\u00e9er des espaces efficaces, fonctionnels et magnifiques \u00e0 partir des bons os que vous avez est notre sp\u00e9cialit\u00e9.[\/vc_column_text][vc_btn title=\u00a0\u00bbESTIMATION GRATUITE\u00a0\u00bb color=\u00a0\u00bbwarning\u00a0\u00bb size=\u00a0\u00bblg\u00a0\u00bb css_animation=\u00a0\u00bbfadeInRight\u00a0\u00bb link=\u00a0\u00bburl:https%3A%2F%2Fconstructionlaroc.ca%2Ffr%2Festimation-gratuite%2F|||\u00a0\u00bb][\/vc_column][\/vc_row][vc_row el_class=\u00a0\u00bbmobile\u00a0\u00bb][vc_column width=\u00a0\u00bb1\/2&Prime;][\/vc_column][vc_column width=\u00a0\u00bb1\/2&Prime;][vc_column_text css_animation=\u00a0\u00bbfadeInRight\u00a0\u00bb]<\/p>\n<h2>R\u00e9sidentiel<\/h2>\n<p>[\/vc_column_text][vc_single_image image=\u00a0\u00bb1944&Prime; img_size=\u00a0\u00bbfull\u00a0\u00bb css_animation=\u00a0\u00bbfadeInLeft\u00a0\u00bb][vc_column_text css_animation=\u00a0\u00bbfadeInRight\u00a0\u00bb]Chez Construction Laroc, nous croyons que les maisons devraient susciter de la joie, du confort et du plaisir pour ceux qui occupent leurs murs. Qu&rsquo;il s&rsquo;agisse d&rsquo;un \u00e9tage principal moderne, d&rsquo;un paradis pour les cuisiniers, d&rsquo;une retraite de salle de bains spa ou d&rsquo;un sous-sol fini, nous abordons les r\u00e9novations r\u00e9sidentielles majeures avec facilit\u00e9. Cr\u00e9er des espaces efficaces, fonctionnels et magnifiques \u00e0 partir des bons os que vous avez est notre sp\u00e9cialit\u00e9.[\/vc_column_text][vc_btn title=\u00a0\u00bbESTIMATION GRATUITE\u00a0\u00bb color=\u00a0\u00bbwarning\u00a0\u00bb size=\u00a0\u00bblg\u00a0\u00bb css_animation=\u00a0\u00bbfadeInRight\u00a0\u00bb link=\u00a0\u00bburl:https%3A%2F%2Fconstructionlaroc.ca%2Ffr%2Festimation-gratuite%2F|||\u00a0\u00bb][\/vc_column][\/vc_row][vc_row el_class=\u00a0\u00bbdesktop\u00a0\u00bb][vc_column width=\u00a0\u00bb1\/2&Prime;][vc_column_text css_animation=\u00a0\u00bbfadeInLeft\u00a0\u00bb]<\/p>\n<h2>Commercial<\/h2>\n<p>Nous proposons une vaste gamme de services de r\u00e9novation pour les b\u00e2timents commerciaux, les restaurants, les commerces, les \u00e9difices scolaires, les centres de services, les entrep\u00f4ts et les entrep\u00f4ts, les installations m\u00e9dicales et bien d&rsquo;autres encore.<br \/>\nEn plus de cela, nous offrons \u00e9galement une r\u00e9novation de bureau \u00e0 Montr\u00e9al, un service de r\u00e9novation con\u00e7u pour les entreprises qui d\u00e9m\u00e9nagent dans un nouvel emplacement ou qui ont un bureau existant \u00e0 remodeler.<\/p>\n<p>Quels que soient les objectifs de votre r\u00e9novation commerciale \u00e0 Montr\u00e9al, Laroc Construction s&rsquo;engage \u00e0 vous aider \u00e0 r\u00e9aliser vos objectifs. Contactez-nous aujourd&rsquo;hui pour un devis gratuit sans engagement.[\/vc_column_text][vc_btn title=\u00a0\u00bbESTIMATION GRATUITE\u00a0\u00bb color=\u00a0\u00bbwarning\u00a0\u00bb size=\u00a0\u00bblg\u00a0\u00bb css_animation=\u00a0\u00bbfadeInLeft\u00a0\u00bb link=\u00a0\u00bburl:https%3A%2F%2Fconstructionlaroc.ca%2Ffr%2Festimation-gratuite%2F|||\u00a0\u00bb][\/vc_column][vc_column width=\u00a0\u00bb1\/2&Prime;][vc_single_image image=\u00a0\u00bb1950&Prime; img_size=\u00a0\u00bbfull\u00a0\u00bb alignment=\u00a0\u00bbright\u00a0\u00bb css_animation=\u00a0\u00bbfadeInLeft\u00a0\u00bb][\/vc_column][\/vc_row][vc_row el_class=\u00a0\u00bbmobile\u00a0\u00bb][vc_column width=\u00a0\u00bb1\/2&Prime;][vc_column_text css_animation=\u00a0\u00bbfadeInLeft\u00a0\u00bb]<\/p>\n<h2>Commercial<\/h2>\n<p>[\/vc_column_text][vc_single_image image=\u00a0\u00bb1950&Prime; img_size=\u00a0\u00bbfull\u00a0\u00bb alignment=\u00a0\u00bbright\u00a0\u00bb css_animation=\u00a0\u00bbfadeInLeft\u00a0\u00bb][vc_column_text css_animation=\u00a0\u00bbfadeInLeft\u00a0\u00bb]Nous proposons une vaste gamme de services de r\u00e9novation pour les b\u00e2timents commerciaux, les restaurants, les commerces, les \u00e9difices scolaires, les centres de services, les entrep\u00f4ts et les entrep\u00f4ts, les installations m\u00e9dicales et bien d&rsquo;autres encore.<br \/>\nEn plus de cela, nous offrons \u00e9galement une r\u00e9novation de bureau \u00e0 Montr\u00e9al, un service de r\u00e9novation con\u00e7u pour les entreprises qui d\u00e9m\u00e9nagent dans un nouvel emplacement ou qui ont un bureau existant \u00e0 remodeler.<\/p>\n<p>Quels que soient les objectifs de votre r\u00e9novation commerciale \u00e0 Montr\u00e9al, Laroc Construction s&rsquo;engage \u00e0 vous aider \u00e0 r\u00e9aliser vos objectifs. Contactez-nous aujourd&rsquo;hui pour un devis gratuit sans engagement.[\/vc_column_text][vc_btn title=\u00a0\u00bbESTIMATION GRATUITE\u00a0\u00bb color=\u00a0\u00bbwarning\u00a0\u00bb size=\u00a0\u00bblg\u00a0\u00bb css_animation=\u00a0\u00bbfadeInLeft\u00a0\u00bb link=\u00a0\u00bburl:https%3A%2F%2Fconstructionlaroc.ca%2Ffr%2Festimation-gratuite%2F|||\u00a0\u00bb][\/vc_column][vc_column width=\u00a0\u00bb1\/2&Prime;][\/vc_column][\/vc_row]<\/p>\n<\/div>","protected":false},"excerpt":{"rendered":"<p>[vc_row el_class=\u00a0\u00bbdesktop\u00a0\u00bb][vc_column width=\u00a0\u00bb1\/2&Prime;][vc_single_image image=\u00a0\u00bb1944&Prime; img_size=\u00a0\u00bbfull\u00a0\u00bb css_animation=\u00a0\u00bbfadeInLeft\u00a0\u00bb][\/vc_column][vc_column width=\u00a0\u00bb1\/2&Prime;][vc_column_text css_animation=\u00a0\u00bbfadeInRight\u00a0\u00bb] R\u00e9sidentiel Chez Construction Laroc, nous croyons que les maisons devraient susciter de la joie, du confort et du plaisir pour ceux qui occupent leurs murs. Qu&rsquo;il s&rsquo;agisse d&rsquo;un \u00e9tage principal moderne, d&rsquo;un &hellip;<\/p>\n","protected":false},"author":1,"featured_media":0,"parent":1996,"menu_order":0,"comment_status":"closed","ping_status":"closed","template":"","meta":{"footnotes":""},"class_list":["post-2002","page","type-page","status-publish","hentry"],"yoast_head":"<!-- This site is optimized with the Yoast SEO plugin v27.3 - https:\/\/yoast.com\/product\/yoast-seo-wordpress\/ -->\n<title>R\u00e9novations | R\u00e9novation r\u00e9sidentielle Montr\u00e9al | Construction LaRoc<\/title>\n<meta name=\"description\" content=\"Explorez les projets de r\u00e9novation r\u00e9sidentielle \u00e0 Montr\u00e9al avec Construction LaRoc, qui offre un savoir-faire exceptionnel et des solutions personnalis\u00e9es pour vos maisons et espaces de vie.\" \/>\n<meta name=\"robots\" content=\"index, follow, max-snippet:-1, max-image-preview:large, max-video-preview:-1\" \/>\n<link rel=\"canonical\" href=\"https:\/\/constructionlaroc.ca\/fr\/services\/renovations-residentiel-et-commercial\/\" \/>\n<meta property=\"og:locale\" content=\"fr_FR\" \/>\n<meta property=\"og:type\" content=\"article\" \/>\n<meta property=\"og:title\" content=\"R\u00e9novations | R\u00e9novation r\u00e9sidentielle Montr\u00e9al | Construction LaRoc\" \/>\n<meta property=\"og:description\" content=\"Explorez les projets de r\u00e9novation r\u00e9sidentielle \u00e0 Montr\u00e9al avec Construction LaRoc, qui offre un savoir-faire exceptionnel et des solutions personnalis\u00e9es pour vos maisons et espaces de vie.\" \/>\n<meta property=\"og:url\" content=\"https:\/\/constructionlaroc.ca\/fr\/services\/renovations-residentiel-et-commercial\/\" \/>\n<meta property=\"og:site_name\" content=\"Construct Laroc\" \/>\n<meta property=\"article:modified_time\" content=\"2025-10-29T19:20:22+00:00\" \/>\n<meta name=\"twitter:card\" content=\"summary_large_image\" \/>\n<meta name=\"twitter:label1\" content=\"Dur\u00e9e de lecture estim\u00e9e\" \/>\n\t<meta name=\"twitter:data1\" content=\"3 minutes\" \/>\n<script type=\"application\/ld+json\" class=\"yoast-schema-graph\">{\"@context\":\"https:\\\/\\\/schema.org\",\"@graph\":[{\"@type\":\"WebPage\",\"@id\":\"https:\\\/\\\/constructionlaroc.ca\\\/fr\\\/services\\\/renovations-residentiel-et-commercial\\\/\",\"url\":\"https:\\\/\\\/constructionlaroc.ca\\\/fr\\\/services\\\/renovations-residentiel-et-commercial\\\/\",\"name\":\"R\u00e9novations | R\u00e9novation r\u00e9sidentielle Montr\u00e9al | Construction LaRoc\",\"isPartOf\":{\"@id\":\"https:\\\/\\\/constructionlaroc.ca\\\/#website\"},\"datePublished\":\"2017-08-31T03:28:51+00:00\",\"dateModified\":\"2025-10-29T19:20:22+00:00\",\"description\":\"Explorez les projets de r\u00e9novation r\u00e9sidentielle \u00e0 Montr\u00e9al avec Construction LaRoc, qui offre un savoir-faire exceptionnel et des solutions personnalis\u00e9es pour vos maisons et espaces de vie.\",\"breadcrumb\":{\"@id\":\"https:\\\/\\\/constructionlaroc.ca\\\/fr\\\/services\\\/renovations-residentiel-et-commercial\\\/#breadcrumb\"},\"inLanguage\":\"fr-FR\",\"potentialAction\":[{\"@type\":\"ReadAction\",\"target\":[\"https:\\\/\\\/constructionlaroc.ca\\\/fr\\\/services\\\/renovations-residentiel-et-commercial\\\/\"]}]},{\"@type\":\"BreadcrumbList\",\"@id\":\"https:\\\/\\\/constructionlaroc.ca\\\/fr\\\/services\\\/renovations-residentiel-et-commercial\\\/#breadcrumb\",\"itemListElement\":[{\"@type\":\"ListItem\",\"position\":1,\"name\":\"Home\",\"item\":\"https:\\\/\\\/constructionlaroc.ca\\\/fr\\\/\"},{\"@type\":\"ListItem\",\"position\":2,\"name\":\"Services\",\"item\":\"https:\\\/\\\/constructionlaroc.ca\\\/fr\\\/services\\\/\"},{\"@type\":\"ListItem\",\"position\":3,\"name\":\"Renovations\"}]},{\"@type\":\"WebSite\",\"@id\":\"https:\\\/\\\/constructionlaroc.ca\\\/#website\",\"url\":\"https:\\\/\\\/constructionlaroc.ca\\\/\",\"name\":\"Construct Laroc\",\"description\":\"Construction\",\"potentialAction\":[{\"@type\":\"SearchAction\",\"target\":{\"@type\":\"EntryPoint\",\"urlTemplate\":\"https:\\\/\\\/constructionlaroc.ca\\\/?s={search_term_string}\"},\"query-input\":{\"@type\":\"PropertyValueSpecification\",\"valueRequired\":true,\"valueName\":\"search_term_string\"}}],\"inLanguage\":\"fr-FR\"}]}<\/script>\n<!-- \/ Yoast SEO plugin. -->","yoast_head_json":{"title":"R\u00e9novations | R\u00e9novation r\u00e9sidentielle Montr\u00e9al | Construction LaRoc","description":"Explorez les projets de r\u00e9novation r\u00e9sidentielle \u00e0 Montr\u00e9al avec Construction LaRoc, qui offre un savoir-faire exceptionnel et des solutions personnalis\u00e9es pour vos maisons et espaces de vie.","robots":{"index":"index","follow":"follow","max-snippet":"max-snippet:-1","max-image-preview":"max-image-preview:large","max-video-preview":"max-video-preview:-1"},"canonical":"https:\/\/constructionlaroc.ca\/fr\/services\/renovations-residentiel-et-commercial\/","og_locale":"fr_FR","og_type":"article","og_title":"R\u00e9novations | R\u00e9novation r\u00e9sidentielle Montr\u00e9al | Construction LaRoc","og_description":"Explorez les projets de r\u00e9novation r\u00e9sidentielle \u00e0 Montr\u00e9al avec Construction LaRoc, qui offre un savoir-faire exceptionnel et des solutions personnalis\u00e9es pour vos maisons et espaces de vie.","og_url":"https:\/\/constructionlaroc.ca\/fr\/services\/renovations-residentiel-et-commercial\/","og_site_name":"Construct Laroc","article_modified_time":"2025-10-29T19:20:22+00:00","twitter_card":"summary_large_image","twitter_misc":{"Dur\u00e9e de lecture estim\u00e9e":"3 minutes"},"schema":{"@context":"https:\/\/schema.org","@graph":[{"@type":"WebPage","@id":"https:\/\/constructionlaroc.ca\/fr\/services\/renovations-residentiel-et-commercial\/","url":"https:\/\/constructionlaroc.ca\/fr\/services\/renovations-residentiel-et-commercial\/","name":"R\u00e9novations | R\u00e9novation r\u00e9sidentielle Montr\u00e9al | Construction LaRoc","isPartOf":{"@id":"https:\/\/constructionlaroc.ca\/#website"},"datePublished":"2017-08-31T03:28:51+00:00","dateModified":"2025-10-29T19:20:22+00:00","description":"Explorez les projets de r\u00e9novation r\u00e9sidentielle \u00e0 Montr\u00e9al avec Construction LaRoc, qui offre un savoir-faire exceptionnel et des solutions personnalis\u00e9es pour vos maisons et espaces de vie.","breadcrumb":{"@id":"https:\/\/constructionlaroc.ca\/fr\/services\/renovations-residentiel-et-commercial\/#breadcrumb"},"inLanguage":"fr-FR","potentialAction":[{"@type":"ReadAction","target":["https:\/\/constructionlaroc.ca\/fr\/services\/renovations-residentiel-et-commercial\/"]}]},{"@type":"BreadcrumbList","@id":"https:\/\/constructionlaroc.ca\/fr\/services\/renovations-residentiel-et-commercial\/#breadcrumb","itemListElement":[{"@type":"ListItem","position":1,"name":"Home","item":"https:\/\/constructionlaroc.ca\/fr\/"},{"@type":"ListItem","position":2,"name":"Services","item":"https:\/\/constructionlaroc.ca\/fr\/services\/"},{"@type":"ListItem","position":3,"name":"Renovations"}]},{"@type":"WebSite","@id":"https:\/\/constructionlaroc.ca\/#website","url":"https:\/\/constructionlaroc.ca\/","name":"Construct Laroc","description":"Construction","potentialAction":[{"@type":"SearchAction","target":{"@type":"EntryPoint","urlTemplate":"https:\/\/constructionlaroc.ca\/?s={search_term_string}"},"query-input":{"@type":"PropertyValueSpecification","valueRequired":true,"valueName":"search_term_string"}}],"inLanguage":"fr-FR"}]}},"_links":{"self":[{"href":"https:\/\/constructionlaroc.ca\/fr\/wp-json\/wp\/v2\/pages\/2002","targetHints":{"allow":["GET"]}}],"collection":[{"href":"https:\/\/constructionlaroc.ca\/fr\/wp-json\/wp\/v2\/pages"}],"about":[{"href":"https:\/\/constructionlaroc.ca\/fr\/wp-json\/wp\/v2\/types\/page"}],"author":[{"embeddable":true,"href":"https:\/\/constructionlaroc.ca\/fr\/wp-json\/wp\/v2\/users\/1"}],"replies":[{"embeddable":true,"href":"https:\/\/constructionlaroc.ca\/fr\/wp-json\/wp\/v2\/comments?post=2002"}],"version-history":[{"count":6,"href":"https:\/\/constructionlaroc.ca\/fr\/wp-json\/wp\/v2\/pages\/2002\/revisions"}],"predecessor-version":[{"id":2101,"href":"https:\/\/constructionlaroc.ca\/fr\/wp-json\/wp\/v2\/pages\/2002\/revisions\/2101"}],"up":[{"embeddable":true,"href":"https:\/\/constructionlaroc.ca\/fr\/wp-json\/wp\/v2\/pages\/1996"}],"wp:attachment":[{"href":"https:\/\/constructionlaroc.ca\/fr\/wp-json\/wp\/v2\/media?parent=2002"}],"curies":[{"name":"wp","href":"https:\/\/api.w.org\/{rel}","templated":true}]}}