{"id":2579,"date":"2025-10-01T17:19:03","date_gmt":"2025-10-01T16:19:03","guid":{"rendered":"https:\/\/constructionlaroc.ca\/?page_id=2579\/"},"modified":"2025-11-15T11:07:20","modified_gmt":"2025-11-15T10:07:20","slug":"leacross-tmr-project","status":"publish","type":"page","link":"https:\/\/constructionlaroc.ca\/fr\/leacross-tmr-project\/","title":{"rendered":"Leacross, TMR Project"},"content":{"rendered":"<div class=\"wpb-content-wrapper\"><p>[vc_row gap=\u00a0\u00bb4&Prime; full_height=\u00a0\u00bbyes\u00a0\u00bb columns_placement=\u00a0\u00bbstretch\u00a0\u00bb equal_height=\u00a0\u00bbyes\u00a0\u00bb el_class=\u00a0\u00bbdesktop\u00a0\u00bb][vc_column el_class=\u00a0\u00bbcentergallery\u00a0\u00bb][vc_gallery type=\u00a0\u00bbimage_grid\u00a0\u00bb images=\u00a0\u00bb2302,2303,2304,2305,2306,2307,2308,2309,2310,2311,2312,2313,2314,2315,2316,2317,2318,2319,2320,2321,2322,2323,2324,2325,2326,2327,2328,2329,2330,2331,2332,2333,2334,2335,2336,2337&Prime; img_size=\u00a0\u00bbfull\u00a0\u00bb onclick=\u00a0\u00bbimg_link_large\u00a0\u00bb custom_links_target=\u00a0\u00bb_blank\u00a0\u00bb css_animation=\u00a0\u00bbnone\u00a0\u00bb css=\u00a0\u00bb.vc_custom_1617994731958{background-position: center !important;background-repeat: no-repeat !important;background-size: cover !important;}\u00a0\u00bb][\/vc_column][\/vc_row]<\/p>\n<\/div>","protected":false},"excerpt":{"rendered":"<p>[vc_row gap=\u00a0\u00bb4&Prime; full_height=\u00a0\u00bbyes\u00a0\u00bb columns_placement=\u00a0\u00bbstretch\u00a0\u00bb equal_height=\u00a0\u00bbyes\u00a0\u00bb el_class=\u00a0\u00bbdesktop\u00a0\u00bb][vc_column el_class=\u00a0\u00bbcentergallery\u00a0\u00bb][vc_gallery type=\u00a0\u00bbimage_grid\u00a0\u00bb images=\u00a0\u00bb2302,2303,2304,2305,2306,2307,2308,2309,2310,2311,2312,2313,2314,2315,2316,2317,2318,2319,2320,2321,2322,2323,2324,2325,2326,2327,2328,2329,2330,2331,2332,2333,2334,2335,2336,2337&Prime; img_size=\u00a0\u00bbfull\u00a0\u00bb onclick=\u00a0\u00bbimg_link_large\u00a0\u00bb custom_links_target=\u00a0\u00bb_blank\u00a0\u00bb css_animation=\u00a0\u00bbnone\u00a0\u00bb css=\u00a0\u00bb.vc_custom_1617994731958{background-position: center !important;background-repeat: no-repeat !important;background-size: cover !important;}\u00a0\u00bb][\/vc_column][\/vc_row]<\/p>\n","protected":false},"author":1,"featured_media":0,"parent":0,"menu_order":0,"comment_status":"closed","ping_status":"closed","template":"","meta":{"footnotes":""},"class_list":["post-2579","page","type-page","status-publish","hentry"],"yoast_head":"<!-- This site is optimized with the Yoast SEO plugin v27.3 - https:\/\/yoast.com\/product\/yoast-seo-wordpress\/ -->\n<title>Projet Leacross, Ville Mont-Royal | R\u00e9novation r\u00e9sidentielle<\/title>\n<meta name=\"description\" content=\"D\u00e9couvrez le projet Leacross TMR de Construction LaRoc, qui met en valeur des services d&#039;experts en r\u00e9novation et en am\u00e9lioration r\u00e9sidentielle \u00e0 Montr\u00e9al avec des r\u00e9sultats de qualit\u00e9.\" \/>\n<meta name=\"robots\" content=\"index, follow, max-snippet:-1, max-image-preview:large, max-video-preview:-1\" \/>\n<link rel=\"canonical\" href=\"https:\/\/constructionlaroc.ca\/fr\/leacross-tmr-project\/\" \/>\n<meta property=\"og:locale\" content=\"fr_FR\" \/>\n<meta property=\"og:type\" content=\"article\" \/>\n<meta property=\"og:title\" content=\"Projet Leacross, Ville Mont-Royal | R\u00e9novation r\u00e9sidentielle\" \/>\n<meta property=\"og:description\" content=\"D\u00e9couvrez le projet Leacross TMR de Construction LaRoc, qui met en valeur des services d&#039;experts en r\u00e9novation et en am\u00e9lioration r\u00e9sidentielle \u00e0 Montr\u00e9al avec des r\u00e9sultats de qualit\u00e9.\" \/>\n<meta property=\"og:url\" content=\"https:\/\/constructionlaroc.ca\/fr\/leacross-tmr-project\/\" \/>\n<meta property=\"og:site_name\" content=\"Construct Laroc\" \/>\n<meta property=\"article:modified_time\" content=\"2025-11-15T10:07:20+00:00\" \/>\n<meta name=\"twitter:card\" content=\"summary_large_image\" \/>\n<meta name=\"twitter:label1\" content=\"Dur\u00e9e de lecture estim\u00e9e\" \/>\n\t<meta name=\"twitter:data1\" content=\"1 minute\" \/>\n<script type=\"application\/ld+json\" class=\"yoast-schema-graph\">{\"@context\":\"https:\\\/\\\/schema.org\",\"@graph\":[{\"@type\":\"WebPage\",\"@id\":\"https:\\\/\\\/constructionlaroc.ca\\\/fr\\\/leacross-tmr-project\\\/\",\"url\":\"https:\\\/\\\/constructionlaroc.ca\\\/fr\\\/leacross-tmr-project\\\/\",\"name\":\"Projet Leacross, Ville Mont-Royal | R\u00e9novation r\u00e9sidentielle\",\"isPartOf\":{\"@id\":\"https:\\\/\\\/constructionlaroc.ca\\\/#website\"},\"datePublished\":\"2025-10-01T16:19:03+00:00\",\"dateModified\":\"2025-11-15T10:07:20+00:00\",\"description\":\"D\u00e9couvrez le projet Leacross TMR de Construction LaRoc, qui met en valeur des services d'experts en r\u00e9novation et en am\u00e9lioration r\u00e9sidentielle \u00e0 Montr\u00e9al avec des r\u00e9sultats de qualit\u00e9.\",\"breadcrumb\":{\"@id\":\"https:\\\/\\\/constructionlaroc.ca\\\/fr\\\/leacross-tmr-project\\\/#breadcrumb\"},\"inLanguage\":\"fr-FR\",\"potentialAction\":[{\"@type\":\"ReadAction\",\"target\":[\"https:\\\/\\\/constructionlaroc.ca\\\/fr\\\/leacross-tmr-project\\\/\"]}]},{\"@type\":\"BreadcrumbList\",\"@id\":\"https:\\\/\\\/constructionlaroc.ca\\\/fr\\\/leacross-tmr-project\\\/#breadcrumb\",\"itemListElement\":[{\"@type\":\"ListItem\",\"position\":1,\"name\":\"Home\",\"item\":\"https:\\\/\\\/constructionlaroc.ca\\\/fr\\\/\"},{\"@type\":\"ListItem\",\"position\":2,\"name\":\"Leacross, TMR Project\"}]},{\"@type\":\"WebSite\",\"@id\":\"https:\\\/\\\/constructionlaroc.ca\\\/#website\",\"url\":\"https:\\\/\\\/constructionlaroc.ca\\\/\",\"name\":\"Construct Laroc\",\"description\":\"Construction\",\"potentialAction\":[{\"@type\":\"SearchAction\",\"target\":{\"@type\":\"EntryPoint\",\"urlTemplate\":\"https:\\\/\\\/constructionlaroc.ca\\\/?s={search_term_string}\"},\"query-input\":{\"@type\":\"PropertyValueSpecification\",\"valueRequired\":true,\"valueName\":\"search_term_string\"}}],\"inLanguage\":\"fr-FR\"}]}<\/script>\n<!-- \/ Yoast SEO plugin. -->","yoast_head_json":{"title":"Projet Leacross, Ville Mont-Royal | R\u00e9novation r\u00e9sidentielle","description":"D\u00e9couvrez le projet Leacross TMR de Construction LaRoc, qui met en valeur des services d'experts en r\u00e9novation et en am\u00e9lioration r\u00e9sidentielle \u00e0 Montr\u00e9al avec des r\u00e9sultats de qualit\u00e9.","robots":{"index":"index","follow":"follow","max-snippet":"max-snippet:-1","max-image-preview":"max-image-preview:large","max-video-preview":"max-video-preview:-1"},"canonical":"https:\/\/constructionlaroc.ca\/fr\/leacross-tmr-project\/","og_locale":"fr_FR","og_type":"article","og_title":"Projet Leacross, Ville Mont-Royal | R\u00e9novation r\u00e9sidentielle","og_description":"D\u00e9couvrez le projet Leacross TMR de Construction LaRoc, qui met en valeur des services d'experts en r\u00e9novation et en am\u00e9lioration r\u00e9sidentielle \u00e0 Montr\u00e9al avec des r\u00e9sultats de qualit\u00e9.","og_url":"https:\/\/constructionlaroc.ca\/fr\/leacross-tmr-project\/","og_site_name":"Construct Laroc","article_modified_time":"2025-11-15T10:07:20+00:00","twitter_card":"summary_large_image","twitter_misc":{"Dur\u00e9e de lecture estim\u00e9e":"1 minute"},"schema":{"@context":"https:\/\/schema.org","@graph":[{"@type":"WebPage","@id":"https:\/\/constructionlaroc.ca\/fr\/leacross-tmr-project\/","url":"https:\/\/constructionlaroc.ca\/fr\/leacross-tmr-project\/","name":"Projet Leacross, Ville Mont-Royal | R\u00e9novation r\u00e9sidentielle","isPartOf":{"@id":"https:\/\/constructionlaroc.ca\/#website"},"datePublished":"2025-10-01T16:19:03+00:00","dateModified":"2025-11-15T10:07:20+00:00","description":"D\u00e9couvrez le projet Leacross TMR de Construction LaRoc, qui met en valeur des services d'experts en r\u00e9novation et en am\u00e9lioration r\u00e9sidentielle \u00e0 Montr\u00e9al avec des r\u00e9sultats de qualit\u00e9.","breadcrumb":{"@id":"https:\/\/constructionlaroc.ca\/fr\/leacross-tmr-project\/#breadcrumb"},"inLanguage":"fr-FR","potentialAction":[{"@type":"ReadAction","target":["https:\/\/constructionlaroc.ca\/fr\/leacross-tmr-project\/"]}]},{"@type":"BreadcrumbList","@id":"https:\/\/constructionlaroc.ca\/fr\/leacross-tmr-project\/#breadcrumb","itemListElement":[{"@type":"ListItem","position":1,"name":"Home","item":"https:\/\/constructionlaroc.ca\/fr\/"},{"@type":"ListItem","position":2,"name":"Leacross, TMR Project"}]},{"@type":"WebSite","@id":"https:\/\/constructionlaroc.ca\/#website","url":"https:\/\/constructionlaroc.ca\/","name":"Construct Laroc","description":"Construction","potentialAction":[{"@type":"SearchAction","target":{"@type":"EntryPoint","urlTemplate":"https:\/\/constructionlaroc.ca\/?s={search_term_string}"},"query-input":{"@type":"PropertyValueSpecification","valueRequired":true,"valueName":"search_term_string"}}],"inLanguage":"fr-FR"}]}},"_links":{"self":[{"href":"https:\/\/constructionlaroc.ca\/fr\/wp-json\/wp\/v2\/pages\/2579","targetHints":{"allow":["GET"]}}],"collection":[{"href":"https:\/\/constructionlaroc.ca\/fr\/wp-json\/wp\/v2\/pages"}],"about":[{"href":"https:\/\/constructionlaroc.ca\/fr\/wp-json\/wp\/v2\/types\/page"}],"author":[{"embeddable":true,"href":"https:\/\/constructionlaroc.ca\/fr\/wp-json\/wp\/v2\/users\/1"}],"replies":[{"embeddable":true,"href":"https:\/\/constructionlaroc.ca\/fr\/wp-json\/wp\/v2\/comments?post=2579"}],"version-history":[{"count":2,"href":"https:\/\/constructionlaroc.ca\/fr\/wp-json\/wp\/v2\/pages\/2579\/revisions"}],"predecessor-version":[{"id":2581,"href":"https:\/\/constructionlaroc.ca\/fr\/wp-json\/wp\/v2\/pages\/2579\/revisions\/2581"}],"wp:attachment":[{"href":"https:\/\/constructionlaroc.ca\/fr\/wp-json\/wp\/v2\/media?parent=2579"}],"curies":[{"name":"wp","href":"https:\/\/api.w.org\/{rel}","templated":true}]}}