{"id":2627,"date":"2025-10-06T12:54:50","date_gmt":"2025-10-06T11:54:50","guid":{"rendered":"https:\/\/constructionlaroc.ca\/?page_id=2627\/"},"modified":"2025-10-29T20:04:20","modified_gmt":"2025-10-29T19:04:20","slug":"champagneur-project","status":"publish","type":"page","link":"https:\/\/constructionlaroc.ca\/fr\/champagneur-project\/","title":{"rendered":"Champagneur Project"},"content":{"rendered":"<div class=\"wpb-content-wrapper\"><p>[vc_row][vc_column][vc_gallery type=\u00a0\u00bbimage_grid\u00a0\u00bb images=\u00a0\u00bb2603,2624,2623,2622,2621,2620,2619,2618,2617,2616,2615,2614,2613,2612,2611,2610,2609,2608,2607,2606,2605,2604&Prime; img_size=\u00a0\u00bbfull\u00a0\u00bb onclick=\u00a0\u00bbimg_link_large\u00a0\u00bb][\/vc_column][\/vc_row]<\/p>\n<\/div>","protected":false},"excerpt":{"rendered":"<p>[vc_row][vc_column][vc_gallery type=\u00a0\u00bbimage_grid\u00a0\u00bb images=\u00a0\u00bb2603,2624,2623,2622,2621,2620,2619,2618,2617,2616,2615,2614,2613,2612,2611,2610,2609,2608,2607,2606,2605,2604&Prime; img_size=\u00a0\u00bbfull\u00a0\u00bb onclick=\u00a0\u00bbimg_link_large\u00a0\u00bb][\/vc_column][\/vc_row]<\/p>\n","protected":false},"author":1,"featured_media":0,"parent":0,"menu_order":0,"comment_status":"closed","ping_status":"closed","template":"","meta":{"footnotes":""},"class_list":["post-2627","page","type-page","status-publish","hentry"],"yoast_head":"<!-- This site is optimized with the Yoast SEO plugin v27.3 - https:\/\/yoast.com\/product\/yoast-seo-wordpress\/ -->\n<title>Projet Champagneur | R\u00e9novation Montr\u00e9al | Construction LaRoc<\/title>\n<meta name=\"description\" content=\"D\u00e9couvrez le projet Champagneur de Construction LaRoc, qui met en valeur des travaux de r\u00e9novation r\u00e9alis\u00e9s par des experts \u00e0 Montr\u00e9al, alliant conception et savoir-faire de qualit\u00e9.\" \/>\n<meta name=\"robots\" content=\"index, follow, max-snippet:-1, max-image-preview:large, max-video-preview:-1\" \/>\n<link rel=\"canonical\" href=\"https:\/\/constructionlaroc.ca\/fr\/champagneur-project\/\" \/>\n<meta property=\"og:locale\" content=\"fr_FR\" \/>\n<meta property=\"og:type\" content=\"article\" \/>\n<meta property=\"og:title\" content=\"Projet Champagneur | R\u00e9novation Montr\u00e9al | Construction LaRoc\" \/>\n<meta property=\"og:description\" content=\"D\u00e9couvrez le projet Champagneur de Construction LaRoc, qui met en valeur des travaux de r\u00e9novation r\u00e9alis\u00e9s par des experts \u00e0 Montr\u00e9al, alliant conception et savoir-faire de qualit\u00e9.\" \/>\n<meta property=\"og:url\" content=\"https:\/\/constructionlaroc.ca\/fr\/champagneur-project\/\" \/>\n<meta property=\"og:site_name\" content=\"Construct Laroc\" \/>\n<meta property=\"article:modified_time\" content=\"2025-10-29T19:04:20+00:00\" \/>\n<meta name=\"twitter:card\" content=\"summary_large_image\" \/>\n<meta name=\"twitter:label1\" content=\"Dur\u00e9e de lecture estim\u00e9e\" \/>\n\t<meta name=\"twitter:data1\" content=\"5 minutes\" \/>\n<script type=\"application\/ld+json\" class=\"yoast-schema-graph\">{\"@context\":\"https:\\\/\\\/schema.org\",\"@graph\":[{\"@type\":\"WebPage\",\"@id\":\"https:\\\/\\\/constructionlaroc.ca\\\/fr\\\/champagneur-project\\\/\",\"url\":\"https:\\\/\\\/constructionlaroc.ca\\\/fr\\\/champagneur-project\\\/\",\"name\":\"Projet Champagneur | R\u00e9novation Montr\u00e9al | Construction LaRoc\",\"isPartOf\":{\"@id\":\"https:\\\/\\\/constructionlaroc.ca\\\/#website\"},\"datePublished\":\"2025-10-06T11:54:50+00:00\",\"dateModified\":\"2025-10-29T19:04:20+00:00\",\"description\":\"D\u00e9couvrez le projet Champagneur de Construction LaRoc, qui met en valeur des travaux de r\u00e9novation r\u00e9alis\u00e9s par des experts \u00e0 Montr\u00e9al, alliant conception et savoir-faire de qualit\u00e9.\",\"breadcrumb\":{\"@id\":\"https:\\\/\\\/constructionlaroc.ca\\\/fr\\\/champagneur-project\\\/#breadcrumb\"},\"inLanguage\":\"fr-FR\",\"potentialAction\":[{\"@type\":\"ReadAction\",\"target\":[\"https:\\\/\\\/constructionlaroc.ca\\\/fr\\\/champagneur-project\\\/\"]}]},{\"@type\":\"BreadcrumbList\",\"@id\":\"https:\\\/\\\/constructionlaroc.ca\\\/fr\\\/champagneur-project\\\/#breadcrumb\",\"itemListElement\":[{\"@type\":\"ListItem\",\"position\":1,\"name\":\"Home\",\"item\":\"https:\\\/\\\/constructionlaroc.ca\\\/fr\\\/\"},{\"@type\":\"ListItem\",\"position\":2,\"name\":\"Champagneur Project\"}]},{\"@type\":\"WebSite\",\"@id\":\"https:\\\/\\\/constructionlaroc.ca\\\/#website\",\"url\":\"https:\\\/\\\/constructionlaroc.ca\\\/\",\"name\":\"Construct Laroc\",\"description\":\"Construction\",\"potentialAction\":[{\"@type\":\"SearchAction\",\"target\":{\"@type\":\"EntryPoint\",\"urlTemplate\":\"https:\\\/\\\/constructionlaroc.ca\\\/?s={search_term_string}\"},\"query-input\":{\"@type\":\"PropertyValueSpecification\",\"valueRequired\":true,\"valueName\":\"search_term_string\"}}],\"inLanguage\":\"fr-FR\"}]}<\/script>\n<!-- \/ Yoast SEO plugin. -->","yoast_head_json":{"title":"Projet Champagneur | R\u00e9novation Montr\u00e9al | Construction LaRoc","description":"D\u00e9couvrez le projet Champagneur de Construction LaRoc, qui met en valeur des travaux de r\u00e9novation r\u00e9alis\u00e9s par des experts \u00e0 Montr\u00e9al, alliant conception et savoir-faire de qualit\u00e9.","robots":{"index":"index","follow":"follow","max-snippet":"max-snippet:-1","max-image-preview":"max-image-preview:large","max-video-preview":"max-video-preview:-1"},"canonical":"https:\/\/constructionlaroc.ca\/fr\/champagneur-project\/","og_locale":"fr_FR","og_type":"article","og_title":"Projet Champagneur | R\u00e9novation Montr\u00e9al | Construction LaRoc","og_description":"D\u00e9couvrez le projet Champagneur de Construction LaRoc, qui met en valeur des travaux de r\u00e9novation r\u00e9alis\u00e9s par des experts \u00e0 Montr\u00e9al, alliant conception et savoir-faire de qualit\u00e9.","og_url":"https:\/\/constructionlaroc.ca\/fr\/champagneur-project\/","og_site_name":"Construct Laroc","article_modified_time":"2025-10-29T19:04:20+00:00","twitter_card":"summary_large_image","twitter_misc":{"Dur\u00e9e de lecture estim\u00e9e":"5 minutes"},"schema":{"@context":"https:\/\/schema.org","@graph":[{"@type":"WebPage","@id":"https:\/\/constructionlaroc.ca\/fr\/champagneur-project\/","url":"https:\/\/constructionlaroc.ca\/fr\/champagneur-project\/","name":"Projet Champagneur | R\u00e9novation Montr\u00e9al | Construction LaRoc","isPartOf":{"@id":"https:\/\/constructionlaroc.ca\/#website"},"datePublished":"2025-10-06T11:54:50+00:00","dateModified":"2025-10-29T19:04:20+00:00","description":"D\u00e9couvrez le projet Champagneur de Construction LaRoc, qui met en valeur des travaux de r\u00e9novation r\u00e9alis\u00e9s par des experts \u00e0 Montr\u00e9al, alliant conception et savoir-faire de qualit\u00e9.","breadcrumb":{"@id":"https:\/\/constructionlaroc.ca\/fr\/champagneur-project\/#breadcrumb"},"inLanguage":"fr-FR","potentialAction":[{"@type":"ReadAction","target":["https:\/\/constructionlaroc.ca\/fr\/champagneur-project\/"]}]},{"@type":"BreadcrumbList","@id":"https:\/\/constructionlaroc.ca\/fr\/champagneur-project\/#breadcrumb","itemListElement":[{"@type":"ListItem","position":1,"name":"Home","item":"https:\/\/constructionlaroc.ca\/fr\/"},{"@type":"ListItem","position":2,"name":"Champagneur Project"}]},{"@type":"WebSite","@id":"https:\/\/constructionlaroc.ca\/#website","url":"https:\/\/constructionlaroc.ca\/","name":"Construct Laroc","description":"Construction","potentialAction":[{"@type":"SearchAction","target":{"@type":"EntryPoint","urlTemplate":"https:\/\/constructionlaroc.ca\/?s={search_term_string}"},"query-input":{"@type":"PropertyValueSpecification","valueRequired":true,"valueName":"search_term_string"}}],"inLanguage":"fr-FR"}]}},"_links":{"self":[{"href":"https:\/\/constructionlaroc.ca\/fr\/wp-json\/wp\/v2\/pages\/2627","targetHints":{"allow":["GET"]}}],"collection":[{"href":"https:\/\/constructionlaroc.ca\/fr\/wp-json\/wp\/v2\/pages"}],"about":[{"href":"https:\/\/constructionlaroc.ca\/fr\/wp-json\/wp\/v2\/types\/page"}],"author":[{"embeddable":true,"href":"https:\/\/constructionlaroc.ca\/fr\/wp-json\/wp\/v2\/users\/1"}],"replies":[{"embeddable":true,"href":"https:\/\/constructionlaroc.ca\/fr\/wp-json\/wp\/v2\/comments?post=2627"}],"version-history":[{"count":3,"href":"https:\/\/constructionlaroc.ca\/fr\/wp-json\/wp\/v2\/pages\/2627\/revisions"}],"predecessor-version":[{"id":2631,"href":"https:\/\/constructionlaroc.ca\/fr\/wp-json\/wp\/v2\/pages\/2627\/revisions\/2631"}],"wp:attachment":[{"href":"https:\/\/constructionlaroc.ca\/fr\/wp-json\/wp\/v2\/media?parent=2627"}],"curies":[{"name":"wp","href":"https:\/\/api.w.org\/{rel}","templated":true}]}}